{"id":29600,"date":"2020-06-29T07:43:38","date_gmt":"2020-06-29T07:43:38","guid":{"rendered":"http:\/\/www.bpoexternaliza.com\/?page_id=29600"},"modified":"2026-03-20T08:45:28","modified_gmt":"2026-03-20T08:45:28","slug":"aviso-legal-al","status":"publish","type":"page","link":"https:\/\/www.bpoexternaliza.com\/index.php\/aviso-legal-al\/","title":{"rendered":"Aviso Legal"},"content":{"rendered":"[et_pb_section fb_built=\u00bb1&#8243; admin_label=\u00bbsection\u00bb _builder_version=\u00bb4.16&#8243; global_colors_info=\u00bb{}\u00bb][et_pb_row admin_label=\u00bbrow\u00bb _builder_version=\u00bb4.16&#8243; background_size=\u00bbinitial\u00bb background_position=\u00bbtop_left\u00bb background_repeat=\u00bbrepeat\u00bb global_colors_info=\u00bb{}\u00bb][et_pb_column type=\u00bb4_4&#8243; _builder_version=\u00bb4.16&#8243; custom_padding=\u00bb|||\u00bb global_colors_info=\u00bb{}\u00bb custom_padding__hover=\u00bb|||\u00bb][et_pb_text admin_label=\u00bbText\u00bb _builder_version=\u00bb4.27.6&#8243; background_size=\u00bbinitial\u00bb background_position=\u00bbtop_left\u00bb background_repeat=\u00bbrepeat\u00bb hover_enabled=\u00bb0&#8243; global_colors_info=\u00bb{}\u00bb sticky_enabled=\u00bb0&#8243;]<h1>AVISO LEGAL<\/h1>\n<p>&nbsp;<\/p>\n<p><strong>Externaliza Ventas Marketing Procesos S.L<\/strong> como titular de la presente p\u00e1gina web (<a href=\"https:\/\/www.bpoexternaliza.com\">www.bpoexternaliza.com<\/a>) y todos sus subdominios (en adelante la web), en virtud del cumplimiento del art\u00edculo 10 de la Ley 34\/2002, de 11 de Julio, de Servicios de Sociedad de la Informaci\u00f3n y Comercio Electr\u00f3nico (en adelante LSSICE), pone a disposici\u00f3n de los usuarios el presente documento informativo:<\/p>\n<ol>\n<li><strong>TITULARIDAD<\/strong><\/li>\n<\/ol>\n<p><span style=\"text-decoration: underline;\">Raz\u00f3n social<\/span><strong>: Externaliza Ventas Marketing Procesos S.L<\/strong>, (en adelante \u201cla entidad\u201d).<\/p>\n<p><u>Domicilio social: <\/u>Centro Comercial Las Lomas Local 73, Calle Valle de Tormes, 2, 28660 Boadilla del Monte, Madrid<\/p>\n<p><u>CIF<\/u>: B87280350<\/p>\n<p>&nbsp;<\/p>\n<ol start=\"2\">\n<li><strong>OBJETO<\/strong><\/li>\n<\/ol>\n<p>La web tiene por finalidad proporcionar al usuario informaci\u00f3n relativa a la actividad de la entidad, de sus profesionales y los servicios o productos comercializados por la misma.<\/p>\n<ol start=\"3\">\n<li><strong>CONDICIONES GENERALES DE USO DE LA WEB<\/strong><\/li>\n<\/ol>\n<p>A trav\u00e9s de estas condiciones generales se regula el acceso y utilizaci\u00f3n de los distintos servicios y contenidos que la entidad pone a disposici\u00f3n de los usuarios de la misma.<\/p>\n<p>El mero acceso a la web o la utilizaci\u00f3n de cualquiera de sus servicios o contenidos atribuye a la persona que accede la condici\u00f3n de usuario de la web, implicando por parte de la misma la lectura, comprensi\u00f3n y aceptaci\u00f3n de las condiciones de uso publicadas en el presente aviso legal, sin perjuicio de que para el acceso a algunos de dichos servicios o contenidos pueda requerirse la aceptaci\u00f3n de unas condiciones particulares o adicionales que ser\u00e1n expresamente informadas en la web.<\/p>\n<p>El mero acceso del usuario a la web y a sus contenidos es libre y gratuito. No obstante, la entidad puede limitar el acceso determinados contenidos o servicios de la web solicitando la aportaci\u00f3n o registro previo de sus datos.<\/p>\n<p>El mero acceso del usuario a la web y a sus contenidos no implica el inicio de ninguna relaci\u00f3n comercial, ni de cualquier otro tipo entre el usuario y\u00a0<strong>la entidad<\/strong><\/p>\n<p>El Usuario se compromete a utilizar los contenidos y servicios de la web, de conformidad con la Ley, las presentes condiciones generales, las buenas costumbres y el orden p\u00fablico, de tal forma que no se lesionen los intereses o derechos de terceros o que de cualquier forma pueda da\u00f1ar, inutilizar o deteriorar la Web o sus servicios, o impedir un normal disfrute de la misma por otros Usuarios.<\/p>\n<ol start=\"4\">\n<li><strong>CONDICIONES PARTICULARES<\/strong><\/li>\n<\/ol>\n<p>La utilizaci\u00f3n de determinados Servicios y Contenidos ofrecidos por la Web pueden regirse por Condiciones Particulares las cuales completar\u00e1n y\/o modificar\u00e1n el presente Aviso Legal, por lo tanto, con anterioridad a la utilizaci\u00f3n de dichos servicios y contenidos, el usuario tambi\u00e9n ha de leer y aceptar expresamente las correspondientes Condiciones Particulares de los mismos.<\/p>\n<ol start=\"5\">\n<li><strong>MODIFICACI\u00d3N DE CONDICIONES Y LOS T\u00c9RMINOS DE USO.<\/strong><\/li>\n<\/ol>\n<p>La entidad se reserva el derecho a efectuar sin previo aviso, las modificaciones que estime oportunas sobre las condiciones y t\u00e9rminos de uso ya sean generales o particulares sobre servicios y contenidos, as\u00ed como la forma en que \u00e9stos aparezcan presentados y localizados.<\/p>\n<p>Si el usuario no est\u00e1 de acuerdo con el contenido de las condiciones de uso de la web, rogamos que no haga uso de la misma, ya que cualquier utilizaci\u00f3n que haga de ella o de los servicios y contenidos en ella incluidos, implicar\u00e1 la aceptaci\u00f3n de los t\u00e9rminos legales recogidos en el texto de este Aviso Legal.<\/p>\n<ol start=\"6\">\n<li><strong>PROPIEDAD INTELECTUAL E INDUSTRIAL.<\/strong><\/li>\n<\/ol>\n<p><strong>La entidad\u00a0<\/strong>es titular, sin car\u00e1cter limitativo, de los derechos de Propiedad Intelectual e industrial del contenido, dise\u00f1o gr\u00e1fico, c\u00f3digos, fuentes, textos, im\u00e1genes, videos, marcas, logos, signos distintivos, nombres comerciales o cualquier otro elemento identificativo de la entidad y el acceso a la web no confiere al usuario ning\u00fan derecho de uso sobre dichos contenidos.<\/p>\n<p>Queda prohibida, en virtud de los derechos que confiere la normativa sobre Propiedad Intelectual e Industrial, la modificaci\u00f3n, copia, reproducci\u00f3n, descarga, transmisi\u00f3n y\/o distribuci\u00f3n de los contenidos de la web sin la previa autorizaci\u00f3n expresa y por escrito de\u00a0<strong>la entidad<\/strong>. Cualquier vulneraci\u00f3n de dichos derechos dar\u00e1 lugar al inicio de cuantas actuaciones legales sean necesarias para su defensa.<\/p>\n<p>Todos los logotipos, marcas, signos distintivos, nombres comerciales o cualquier otro elemento identificativo de terceros que aparecen en nuestro sitio web son propiedad de sus titulares.<\/p>\n<ol start=\"7\">\n<li><strong>EXCLUSION DE GARANTIAS Y RESPONSABILIDADES<\/strong><\/li>\n<\/ol>\n<p>Tanto el acceso a la p\u00e1gina web como el uso indebido que pueda efectuarse de la informaci\u00f3n contenida en la misma es de la exclusiva responsabilidad de quien lo realiza. La entidad no responder\u00e1 de ninguna consecuencia, da\u00f1o o perjuicio que pudieran derivarse de dicho acceso o uso.<\/p>\n<p>La entidad no se hace responsable de las interrupciones o errores en el acceso a la p\u00e1gina web o a su contenido, ni de los da\u00f1os que puedan causarse como consecuencia de:<\/p>\n<ul>\n<li>Por la existencia de virus o software malicioso o lesivo en los contenidos a pesar de haber adoptado todas las medidas tecnol\u00f3gicas necesarias para evitarlo.<\/li>\n<li>Por la falta de disponibilidad de la web, interferencias o desconexiones por causas ajenas a la entidad.<\/li>\n<li>Por los da\u00f1os que puedan ser causados por terceras personas mediante intromisiones ilegitimas fuera del control de la entidad.<\/li>\n<\/ul>\n<ol start=\"8\">\n<li><strong>RESPONSABILIDAD POR ENLACES A SITIOS WEB DE TERCEROS<\/strong><\/li>\n<\/ol>\n<p>La web puede proporcionar el acceso o enlace a otros sitios web que pertenecen a terceras personas con la \u00fanica finalidad de poner a disposici\u00f3n del Usuario otras fuentes de informaci\u00f3n que pueden ser de su inter\u00e9s. No obstante,\u00a0<strong>la entidad\u00a0<\/strong>no asume ninguna responsabilidad sobre el funcionamiento del enlace ni por los contenidos de los mismos ya que no tiene ning\u00fan tipo de control sobre ellos, siendo el usuario quien accede bajo su exclusiva responsabilidad al contenido y a las condiciones de uso que se establezcan en los mismos.<\/p>\n<p>El acceso al enlace no implica la existencia de relaciones comerciales o acuerdos entre\u00a0<strong>la entidad\u00a0<\/strong>y el propietario de la p\u00e1gina web enlazada, ni la aceptaci\u00f3n y aprobaci\u00f3n por parte de\u00a0la entidad de sus contenidos y servicios.<\/p>\n<p>El Usuario y en general, cualquier persona f\u00edsica o jur\u00eddica que quiera establecer un hiperenlace o dispositivo t\u00e9cnico de enlace desde su sitio web a esta web deber\u00e1 obtener una autorizaci\u00f3n previa de<strong>\u00a0la entidad.<\/strong><\/p>\n<ol start=\"9\">\n<li><strong>RESPONSABILIDAD POR ENLACES A REDES SOCIALES<\/strong><\/li>\n<\/ol>\n<p>La web puede proporcionar el acceso o enlace a Redes Sociales facilitando al usuario contenidos, informaci\u00f3n y eventos en los que la entidad participe.<\/p>\n<p>Se informa al usuario que se incorpore a una Red Social que deber\u00e1 aceptar las condiciones de uso de la misma, siendo \u00e9ste el \u00fanico responsable de toda interacci\u00f3n con las plataformas y redes sociales en las que est\u00e1 presente\u00a0<strong>la entidad.<\/strong><\/p>\n<p><strong>La entidad\u00a0<\/strong>no asume ninguna responsabilidad en relaci\u00f3n al intercambio de informaci\u00f3n entre usuarios a trav\u00e9s de estas plataformas y sobre las opiniones y\/o comentarios vertidos por los usuarios en las mismas. De igual forma,\u00a0<strong>la entidad\u00a0<\/strong>no ser\u00e1 considerada responsable, por los comentarios, opiniones o informaciones vertidas en redes sociales u otros medios por parte de empleados y\/o colaboradores de\u00a0<strong>la entidad,<\/strong>\u00a0que no hayan sido previamente autorizadas o reconocidas por misma.<\/p>\n<p><strong>La entidad\u00a0<\/strong>se reserva el derecho a moderar, denunciar o retirar cuantos comentarios pudieran resultar injuriosos, falsos o puedan da\u00f1ar la imagen de la misma y su actividad, suprimiendo o solicitando la retirada de los mismos, reserv\u00e1ndose el derecho a emprender las acciones oportunas, incluidas las judiciales, en aras a salvaguardar su integridad, imagen y confianza de los usuarios en\u00a0<strong>la entidad,\u00a0<\/strong>as\u00ed como en sus productos y\/o servicios.<\/p>\n<ol start=\"10\">\n<li><strong>LEGISLACI\u00d3N Y JURISDICCI\u00d3N APLICABLE<\/strong><\/li>\n<\/ol>\n<p>El contenido del presente aviso legal queda sujeto a la legislaci\u00f3n espa\u00f1ola.<\/p>\n<p>Para la resoluci\u00f3n de cualquier conflicto que pudiera derivarse del acceso a la p\u00e1gina web, el Usuario y<strong>\u00a0la entidad<\/strong>\u00a0acuerdan someterse expresamente a los juzgados y tribunales de M\u00f3stoles, con renuncia a cualquier otro fuero general o especial que les pudiera corresponder.<\/p>\n<p><\/p>[\/et_pb_text][\/et_pb_column][\/et_pb_row][\/et_pb_section]<!-- \/wp:post-content -->","protected":false},"excerpt":{"rendered":"<p>AVISO LEGAL &nbsp; Externaliza Ventas Marketing Procesos S.L como titular de la presente p\u00e1gina web (www.bpoexternaliza.com) y todos sus subdominios (en adelante la web), en virtud del cumplimiento del art\u00edculo 10 de la Ley 34\/2002, de 11 de Julio, de Servicios de Sociedad de la Informaci\u00f3n y Comercio Electr\u00f3nico (en adelante LSSICE), pone a disposici\u00f3n [&hellip;]<\/p>\n","protected":false},"author":9,"featured_media":0,"parent":0,"menu_order":0,"comment_status":"closed","ping_status":"closed","template":"","meta":{"_et_pb_use_builder":"on","_et_pb_old_content":"<!-- wp:paragraph -->\n<p>El presente aviso e informaci\u00f3n legales (en adelante, el \u201cAviso Legal\u201d) regula el uso del servicio web \u201cwww.yoyomarketing.com, que Jorge Herranz. , pone a disposici\u00f3n de sus p\u00fablicos en Internet.<\/p>\n<!-- \/wp:paragraph -->\n\n<!-- wp:paragraph -->\n<p>La utilizaci\u00f3n del web www.yoyomarketing.com es, en principio de car\u00e1cter gratuito, y sin perjuicio de que esta circunstancia pueda variar.<\/p>\n<!-- \/wp:paragraph -->\n\n<!-- wp:paragraph -->\n<p>El usuario se obliga a no utilizar el web ni los servicios ofertados para la realizaci\u00f3n de actividades contrarias a las leyes, a la moral, al orden p\u00fablico y, en general, a hacer un uso conforme a las presentes condiciones generales. Se obliga asimismo a no realizar a trav\u00e9s de los servicios, actividades publicitarias o de explotaci\u00f3n comercial y a no remitir mensajes utilizando una identidad falsa.<\/p>\n<!-- \/wp:paragraph -->\n\n<!-- wp:paragraph -->\n<p>Se proh\u00edbe la utilizaci\u00f3n de los servicios para la remisi\u00f3n de publicidad o de material cr\u00edtico.<\/p>\n<!-- \/wp:paragraph -->\n\n<!-- wp:paragraph -->\n<p>El usuario se obliga a respetar las restricciones de uso del web de www.yoyomarketing.com<\/p>\n<!-- \/wp:paragraph -->\n\n<!-- wp:paragraph -->\n<p>YoyoMarketing. ha adoptado todas las medidas de seguridad legalmente exigidas para la protecci\u00f3n de los datos personales suministrados por el usuario. No obstante, no puede garantizarse la invulnerabilidad absoluta de sus sistemas de seguridad, ni puede garantizar la seguridad o inviolabilidad de dichos datos en su transmisi\u00f3n a trav\u00e9s de la red.<\/p>\n<!-- \/wp:paragraph -->\n\n<!-- wp:paragraph -->\n<p>Jorge Herranz podr\u00e1 interrumpir el servicio del web www.yoyomarketing.com y resolver de modo inmediato la relaci\u00f3n con el usuario si detecta un uso de su web www.yoyomarketin.com que pueda considerar contrario a las presentes Condiciones Generales.<\/p>\n<!-- \/wp:paragraph -->\n\n<!-- wp:paragraph -->\n<p>Jorge Herranz. podr\u00e1, en cualquier momento, modificar las presentes Condiciones Generales o introducir nuevas condiciones de uso del web.<\/p>\n<!-- \/wp:paragraph -->\n\n<!-- wp:paragraph -->\n<p>Las partes, con expresa renuncia a su propio fuero, aceptan como legislaci\u00f3n rectora del presente contrato, la espa\u00f1ola, y se someten para la resoluci\u00f3n de cuantos litigios pudieran derivarse del mismo a los Juzgados y Tribunales de Madrid.<\/p>\n<!-- \/wp:paragraph -->","_et_gb_content_width":"","footnotes":""},"class_list":["post-29600","page","type-page","status-publish","hentry"],"_links":{"self":[{"href":"https:\/\/www.bpoexternaliza.com\/index.php\/wp-json\/wp\/v2\/pages\/29600","targetHints":{"allow":["GET"]}}],"collection":[{"href":"https:\/\/www.bpoexternaliza.com\/index.php\/wp-json\/wp\/v2\/pages"}],"about":[{"href":"https:\/\/www.bpoexternaliza.com\/index.php\/wp-json\/wp\/v2\/types\/page"}],"author":[{"embeddable":true,"href":"https:\/\/www.bpoexternaliza.com\/index.php\/wp-json\/wp\/v2\/users\/9"}],"replies":[{"embeddable":true,"href":"https:\/\/www.bpoexternaliza.com\/index.php\/wp-json\/wp\/v2\/comments?post=29600"}],"version-history":[{"count":6,"href":"https:\/\/www.bpoexternaliza.com\/index.php\/wp-json\/wp\/v2\/pages\/29600\/revisions"}],"predecessor-version":[{"id":32823,"href":"https:\/\/www.bpoexternaliza.com\/index.php\/wp-json\/wp\/v2\/pages\/29600\/revisions\/32823"}],"wp:attachment":[{"href":"https:\/\/www.bpoexternaliza.com\/index.php\/wp-json\/wp\/v2\/media?parent=29600"}],"curies":[{"name":"wp","href":"https:\/\/api.w.org\/{rel}","templated":true}]}}