{"id":29603,"date":"2020-06-29T07:44:34","date_gmt":"2020-06-29T07:44:34","guid":{"rendered":"http:\/\/www.bpoexternaliza.com\/?page_id=29603"},"modified":"2020-07-28T08:21:48","modified_gmt":"2020-07-28T08:21:48","slug":"politica-de-cookies","status":"publish","type":"page","link":"https:\/\/www.bpoexternaliza.com\/index.php\/politica-de-cookies\/","title":{"rendered":"Pol\u00edtica de Cookies"},"content":{"rendered":"[et_pb_section fb_built=\u00bb1&#8243; admin_label=\u00bbsection\u00bb _builder_version=\u00bb3.22&#8243;][et_pb_row admin_label=\u00bbrow\u00bb _builder_version=\u00bb3.25&#8243; background_size=\u00bbinitial\u00bb background_position=\u00bbtop_left\u00bb background_repeat=\u00bbrepeat\u00bb][et_pb_column type=\u00bb4_4&#8243; _builder_version=\u00bb3.25&#8243; custom_padding=\u00bb|||\u00bb custom_padding__hover=\u00bb|||\u00bb][et_pb_text admin_label=\u00bbText\u00bb _builder_version=\u00bb3.27.4&#8243; background_size=\u00bbinitial\u00bb background_position=\u00bbtop_left\u00bb background_repeat=\u00bbrepeat\u00bb]\n<p>bpoExternaliza editor y titular del presente sitio web, ha desarrollado esta pol\u00edtica para informarle de que esta web utiliza cookies con el fin de ofrecerle una experiencia de navegaci\u00f3n adaptada a sus necesidades y optimizar su rendimiento.<\/p>\n\n\n\n<p>bpoExternaliza hace un uso completamente responsable y nada intrusivo de las cookies, y dado que nos preocupa su privacidad, queremos informarle sobre el uso que hacemos de ellas y las opciones que tiene a su disposici\u00f3n como usuario para gestionarlas.<\/p>\n\n\n\n<p>\u00bfQU\u00c9 SON LAS COOKIES?<\/p>\n\n\n\n<p>Una cookie es un tipo de archivo o dispositivo que se descarga en el equipo terminal de un usuario con la finalidad de almacenar datos que podr\u00e1n ser actualizados y recuperados por la entidad responsable de su instalaci\u00f3n.<\/p>\n\n\n\n<p>CONSENTIMIENTO<\/p>\n\n\n\n<p>Podemos utilizar cookies en su equipo siempre que haya prestado su consentimiento, salvo en aquellos supuestos en los que las cookies sean necesarias para la navegaci\u00f3n en nuestro sitio web. Utilizamos las cookies de forma que nos permitan obtener m\u00e1s informaci\u00f3n acerca de sus preferencias sobre la presentaci\u00f3n de contenidos, contar el n\u00famero de visitas que recibimos y poder personalizar nuestro sitio web conforme a sus intereses.<\/p>\n\n\n\n<p>Usted como usuario acepta expresamente el tratamiento de la informaci\u00f3n recabada en la forma y con los fines anteriormente mencionados, y asimismo, confirma que conoce la posibilidad de rechazar el tratamiento de tales datos o informaci\u00f3n, rechazando el uso de cookies mediante la selecci\u00f3n de la configuraci\u00f3n apropiada a tal fin en su navegador, si bien esta opci\u00f3n de bloqueo de cookies en su navegador puede no permitirle el uso pleno de todas las funcionalidades del presente sitio web.<\/p>\n\n\n\n<p>TIPOS DE COOKIES<\/p>\n\n\n\n<p>Seg\u00fan quien sea la entidad que las gestione:<br>Propias: las genera nuestro sitio web.<br>De terceros: son cookies que recibe el usuario al navegar en nuestra web pero que son generadas por un servicio perteneciente a otra entidad.<br>Seg\u00fan el plazo de tiempo que permanecen activadas en el equipo terminal podemos distinguir:<br>Cookies de sesi\u00f3n: son cookies dise\u00f1adas para recabar y almacenar datos mientras el usuario est\u00e1 accediendo a una p\u00e1gina web y no quedan registradas en su equipo.<br>Cookies persistentes: son cookies en las que los datos siguen almacenados en el terminal y pueden ser accedidos y tratados durante un periodo definido por el responsable de la cookie, y que puede ir de unos minutos a varios a\u00f1os.<br>Seg\u00fan la finalidad para la que se traten los datos obtenidos a trav\u00e9s de las cookies, podemos distinguir entre:<br>Cookies t\u00e9cnicas: son estrictamente necesarias para el funcionamiento de la p\u00e1gina web. Hacen posible la identificaci\u00f3n y el acceso de los usuarios al sistema, controlan el tr\u00e1fico desde el servidor web a m\u00faltiples usuarios a la vez, etc.<br>Cookies de personalizaci\u00f3n: son aqu\u00e9llas que permiten al usuario acceder al servicio configurando aspectos como el idioma o su configuraci\u00f3n regional preferente.<br>Cookies de an\u00e1lisis y de rendimiento: miden el n\u00famero de visitas, los criterios de b\u00fasquedas dentro de la web, c\u00f3mo navegan los usuarios en determinados apartados, etc.<br>Cookies publicitarias: permiten la gesti\u00f3n, de la forma m\u00e1s eficaz posible, de los espacios publicitarios de la web.<br>Cookies de publicidad comportamental: permiten al titular de la web desarrollar perfiles espec\u00edficos para mostrar publicidad en funci\u00f3n de la informaci\u00f3n sobre el comportamiento que los usuarios tienen en su web.<br>Cookies de redes sociales externas: Son aqu\u00e9llas que se utilizan para que los visitantes puedan interactuar con el contenido de diferentes plataformas sociales (Facebook, YouTube, Twitter, LinkedIn, Google+, etc.) y que se generan \u00fanicamente para los usuarios de dichas redes.<\/p>\n\n\n\n<p>\u00bfQU\u00c9 COOKIES UTILIZA ESTA P\u00c1GINA WEB?<\/p>\n\n\n\n<p>En particular, este sitio Web utiliza las siguientes Cookies:<\/p>\n\n\n\n<p>Cookies anal\u00edticas (Google Analitycs) para recabar estad\u00edsticas de uso de la web<br>bp_user-registered<br>bp_user-role<\/p>\n\n\n\n<p>PERFILES EN REDES SOCIALES<\/p>\n\n\n\n<p>REVOCACI\u00d3N DEL CONSENTIMIENTO PARA INSTALAR COOKIES<\/p>\n\n\n\n<p>Usted puede revocar su consentimiento, permitir, bloquear o eliminar las cookies instaladas en su equipo mediante la configuraci\u00f3n de las opciones del navegador instalado en su ordenador:<\/p>\n\n\n\n<ul class=\"wp-block-list\"><li><a href=\"https:\/\/support.google.com\/chrome\/answer\/95647?hl=es\" target=\"_blank\" rel=\"noopener\">Google Chrome<\/a><\/li><li><a href=\"https:\/\/support.mozilla.org\/es\/kb\/habilitar-y-deshabilitar-cookies-que-los-sitios-we\" target=\"_blank\" rel=\"noopener\">Mozilla Firefox<\/a><\/li><li><a href=\"http:\/\/windows.microsoft.com\/es-es\/windows-vista\/block-or-allow-cookies\" target=\"_blank\" rel=\"noopener\">Internet Explorer<\/a><\/li><li><a href=\"http:\/\/support.apple.com\/kb\/ph5042?viewlocale=es_es&amp;locale=es_es\" target=\"_blank\" rel=\"noopener\">Safari<\/a><\/li><li><a href=\"http:\/\/support.apple.com\/kb\/ht1677?viewlocale=es_es\" target=\"_blank\" rel=\"noopener\">Safari para IOS (iPhone y iPad)<\/a><\/li><li><a href=\"https:\/\/support.google.com\/chrome\/answer\/2392971?hl=es\" target=\"_blank\" rel=\"noopener\">Chrome para Android<\/a><\/li><\/ul>\n\n\n\n<p>Si tiene dudas sobre esta pol\u00edtica de cookies, puede contactar con bpoExternaliza en info@bpoexternaliza.com<\/p>\n\n\n\n<p>Finalmente, puede usted dirigirse al portal \u201cYour Online Choices\u201d (www.youronlinechoices.eu) d\u00f3nde adem\u00e1s de encontrar informaci\u00f3n \u00fatil, podr\u00e1 configurar, proveedor por proveedor, sus preferencias sobre las cookies publicitarias de terceros, seleccionando al inicio el idioma.<\/p>\n\n\n\n<p>ACTUALIZACIONES Y CAMBIOS EN LA POL\u00cdTICA DE COOKIES<\/p>\n\n\n\n<p>bpoExternaliza puede modificar esta Pol\u00edtica de Cookies en funci\u00f3n de exigencias legislativas, reglamentarias, o con la finalidad de adaptar dicha pol\u00edtica a las instrucciones dictadas por la Agencia Espa\u00f1ola de Protecci\u00f3n de Datos, por ello se aconseja a los Usuarios que la visiten peri\u00f3dicamente.<\/p>\n[\/et_pb_text][\/et_pb_column][\/et_pb_row][\/et_pb_section]","protected":false},"excerpt":{"rendered":"<p>bpoExternaliza editor y titular del presente sitio web, ha desarrollado esta pol\u00edtica para informarle de que esta web utiliza cookies con el fin de ofrecerle una experiencia de navegaci\u00f3n adaptada a sus necesidades y optimizar su rendimiento. bpoExternaliza hace un uso completamente responsable y nada intrusivo de las cookies, y dado que nos preocupa su [&hellip;]<\/p>\n","protected":false},"author":9,"featured_media":0,"parent":0,"menu_order":0,"comment_status":"closed","ping_status":"closed","template":"","meta":{"_et_pb_use_builder":"on","_et_pb_old_content":"<!-- wp:paragraph -->\n<p>bpoExternaliza editor y titular del presente sitio web, ha desarrollado esta pol\u00edtica para informarle de que esta web utiliza cookies con el fin de ofrecerle una experiencia de navegaci\u00f3n adaptada a sus necesidades y optimizar su rendimiento.<\/p>\n<!-- \/wp:paragraph -->\n\n<!-- wp:paragraph -->\n<p>bpoExternaliza hace un uso completamente responsable y nada intrusivo de las cookies, y dado que nos preocupa su privacidad, queremos informarle sobre el uso que hacemos de ellas y las opciones que tiene a su disposici\u00f3n como usuario para gestionarlas.<\/p>\n<!-- \/wp:paragraph -->\n\n<!-- wp:paragraph -->\n<p>\u00bfQU\u00c9 SON LAS COOKIES?<\/p>\n<!-- \/wp:paragraph -->\n\n<!-- wp:paragraph -->\n<p>Una cookie es un tipo de archivo o dispositivo que se descarga en el equipo terminal de un usuario con la finalidad de almacenar datos que podr\u00e1n ser actualizados y recuperados por la entidad responsable de su instalaci\u00f3n.<\/p>\n<!-- \/wp:paragraph -->\n\n<!-- wp:paragraph -->\n<p>CONSENTIMIENTO<\/p>\n<!-- \/wp:paragraph -->\n\n<!-- wp:paragraph -->\n<p>Podemos utilizar cookies en su equipo siempre que haya prestado su consentimiento, salvo en aquellos supuestos en los que las cookies sean necesarias para la navegaci\u00f3n en nuestro sitio web. Utilizamos las cookies de forma que nos permitan obtener m\u00e1s informaci\u00f3n acerca de sus preferencias sobre la presentaci\u00f3n de contenidos, contar el n\u00famero de visitas que recibimos y poder personalizar nuestro sitio web conforme a sus intereses.<\/p>\n<!-- \/wp:paragraph -->\n\n<!-- wp:paragraph -->\n<p>Usted como usuario acepta expresamente el tratamiento de la informaci\u00f3n recabada en la forma y con los fines anteriormente mencionados, y asimismo, confirma que conoce la posibilidad de rechazar el tratamiento de tales datos o informaci\u00f3n, rechazando el uso de cookies mediante la selecci\u00f3n de la configuraci\u00f3n apropiada a tal fin en su navegador, si bien esta opci\u00f3n de bloqueo de cookies en su navegador puede no permitirle el uso pleno de todas las funcionalidades del presente sitio web.<\/p>\n<!-- \/wp:paragraph -->\n\n<!-- wp:paragraph -->\n<p>TIPOS DE COOKIES<\/p>\n<!-- \/wp:paragraph -->\n\n<!-- wp:paragraph -->\n<p>Seg\u00fan quien sea la entidad que las gestione:<br>Propias: las genera nuestro sitio web.<br>De terceros: son cookies que recibe el usuario al navegar en nuestra web pero que son generadas por un servicio perteneciente a otra entidad.<br>Seg\u00fan el plazo de tiempo que permanecen activadas en el equipo terminal podemos distinguir:<br>Cookies de sesi\u00f3n: son cookies dise\u00f1adas para recabar y almacenar datos mientras el usuario est\u00e1 accediendo a una p\u00e1gina web y no quedan registradas en su equipo.<br>Cookies persistentes: son cookies en las que los datos siguen almacenados en el terminal y pueden ser accedidos y tratados durante un periodo definido por el responsable de la cookie, y que puede ir de unos minutos a varios a\u00f1os.<br>Seg\u00fan la finalidad para la que se traten los datos obtenidos a trav\u00e9s de las cookies, podemos distinguir entre:<br>Cookies t\u00e9cnicas: son estrictamente necesarias para el funcionamiento de la p\u00e1gina web. Hacen posible la identificaci\u00f3n y el acceso de los usuarios al sistema, controlan el tr\u00e1fico desde el servidor web a m\u00faltiples usuarios a la vez, etc.<br>Cookies de personalizaci\u00f3n: son aqu\u00e9llas que permiten al usuario acceder al servicio configurando aspectos como el idioma o su configuraci\u00f3n regional preferente.<br>Cookies de an\u00e1lisis y de rendimiento: miden el n\u00famero de visitas, los criterios de b\u00fasquedas dentro de la web, c\u00f3mo navegan los usuarios en determinados apartados, etc.<br>Cookies publicitarias: permiten la gesti\u00f3n, de la forma m\u00e1s eficaz posible, de los espacios publicitarios de la web.<br>Cookies de publicidad comportamental: permiten al titular de la web desarrollar perfiles espec\u00edficos para mostrar publicidad en funci\u00f3n de la informaci\u00f3n sobre el comportamiento que los usuarios tienen en su web.<br>Cookies de redes sociales externas: Son aqu\u00e9llas que se utilizan para que los visitantes puedan interactuar con el contenido de diferentes plataformas sociales (Facebook, YouTube, Twitter, LinkedIn, Google+, etc.) y que se generan \u00fanicamente para los usuarios de dichas redes.<\/p>\n<!-- \/wp:paragraph -->\n\n<!-- wp:paragraph -->\n<p>\u00bfQU\u00c9 COOKIES UTILIZA ESTA P\u00c1GINA WEB?<\/p>\n<!-- \/wp:paragraph -->\n\n<!-- wp:paragraph -->\n<p>En particular, este sitio Web utiliza las siguientes Cookies:<\/p>\n<!-- \/wp:paragraph -->\n\n<!-- wp:paragraph -->\n<p>Cookies anal\u00edticas (Google Analitycs) para recabar estad\u00edsticas de uso de la web<br>bp_user-registered<br>bp_user-role<\/p>\n<!-- \/wp:paragraph -->\n\n<!-- wp:paragraph -->\n<p>PERFILES EN REDES SOCIALES<\/p>\n<!-- \/wp:paragraph -->\n\n<!-- wp:paragraph -->\n<p>REVOCACI\u00d3N DEL CONSENTIMIENTO PARA INSTALAR COOKIES<\/p>\n<!-- \/wp:paragraph -->\n\n<!-- wp:paragraph -->\n<p>Usted puede revocar su consentimiento, permitir, bloquear o eliminar las cookies instaladas en su equipo mediante la configuraci\u00f3n de las opciones del navegador instalado en su ordenador:<\/p>\n<!-- \/wp:paragraph -->\n\n<!-- wp:list -->\n<ul><li><a href=\"https:\/\/support.google.com\/chrome\/answer\/95647?hl=es\">Google Chrome<\/a><\/li><li><a href=\"https:\/\/support.mozilla.org\/es\/kb\/habilitar-y-deshabilitar-cookies-que-los-sitios-we\">Mozilla Firefox<\/a><\/li><li><a href=\"http:\/\/windows.microsoft.com\/es-es\/windows-vista\/block-or-allow-cookies\">Internet Explorer<\/a><\/li><li><a href=\"http:\/\/support.apple.com\/kb\/ph5042?viewlocale=es_es&amp;locale=es_es\">Safari<\/a><\/li><li><a href=\"http:\/\/support.apple.com\/kb\/ht1677?viewlocale=es_es\">Safari para IOS (iPhone y iPad)<\/a><\/li><li><a href=\"https:\/\/support.google.com\/chrome\/answer\/2392971?hl=es\">Chrome para Android<\/a><\/li><\/ul>\n<!-- \/wp:list -->\n\n<!-- wp:paragraph -->\n<p>Si tiene dudas sobre esta pol\u00edtica de cookies, puede contactar con bpoExternaliza en info@bpoexternaliza.com<\/p>\n<!-- \/wp:paragraph -->\n\n<!-- wp:paragraph -->\n<p>Finalmente, puede usted dirigirse al portal \u201cYour Online Choices\u201d (www.youronlinechoices.eu) d\u00f3nde adem\u00e1s de encontrar informaci\u00f3n \u00fatil, podr\u00e1 configurar, proveedor por proveedor, sus preferencias sobre las cookies publicitarias de terceros, seleccionando al inicio el idioma.<\/p>\n<!-- \/wp:paragraph -->\n\n<!-- wp:paragraph -->\n<p>ACTUALIZACIONES Y CAMBIOS EN LA POL\u00cdTICA DE COOKIES<\/p>\n<!-- \/wp:paragraph -->\n\n<!-- wp:paragraph -->\n<p>bpoExternaliza puede modificar esta Pol\u00edtica de Cookies en funci\u00f3n de exigencias legislativas, reglamentarias, o con la finalidad de adaptar dicha pol\u00edtica a las instrucciones dictadas por la Agencia Espa\u00f1ola de Protecci\u00f3n de Datos, por ello se aconseja a los Usuarios que la visiten peri\u00f3dicamente.<\/p>\n<!-- \/wp:paragraph -->","_et_gb_content_width":"","footnotes":""},"class_list":["post-29603","page","type-page","status-publish","hentry"],"_links":{"self":[{"href":"https:\/\/www.bpoexternaliza.com\/index.php\/wp-json\/wp\/v2\/pages\/29603","targetHints":{"allow":["GET"]}}],"collection":[{"href":"https:\/\/www.bpoexternaliza.com\/index.php\/wp-json\/wp\/v2\/pages"}],"about":[{"href":"https:\/\/www.bpoexternaliza.com\/index.php\/wp-json\/wp\/v2\/types\/page"}],"author":[{"embeddable":true,"href":"https:\/\/www.bpoexternaliza.com\/index.php\/wp-json\/wp\/v2\/users\/9"}],"replies":[{"embeddable":true,"href":"https:\/\/www.bpoexternaliza.com\/index.php\/wp-json\/wp\/v2\/comments?post=29603"}],"version-history":[{"count":1,"href":"https:\/\/www.bpoexternaliza.com\/index.php\/wp-json\/wp\/v2\/pages\/29603\/revisions"}],"predecessor-version":[{"id":30119,"href":"https:\/\/www.bpoexternaliza.com\/index.php\/wp-json\/wp\/v2\/pages\/29603\/revisions\/30119"}],"wp:attachment":[{"href":"https:\/\/www.bpoexternaliza.com\/index.php\/wp-json\/wp\/v2\/media?parent=29603"}],"curies":[{"name":"wp","href":"https:\/\/api.w.org\/{rel}","templated":true}]}}