{"id":32172,"date":"2025-11-26T11:25:43","date_gmt":"2025-11-26T11:25:43","guid":{"rendered":"https:\/\/www.bpoexternaliza.com\/?page_id=32172"},"modified":"2026-03-27T11:11:03","modified_gmt":"2026-03-27T11:11:03","slug":"insurama-d16-2","status":"publish","type":"page","link":"https:\/\/www.bpoexternaliza.com\/index.php\/insurama-d16-2\/","title":{"rendered":"Insurama D16 2"},"content":{"rendered":"<p>[et_pb_section fb_built=\u00bb1&#8243; fullwidth=\u00bbon\u00bb _builder_version=\u00bb4.16&#8243; max_height_tablet=\u00bb\u00bb max_height_phone=\u00bb\u00bb max_height_last_edited=\u00bbon|phone\u00bb custom_margin=\u00bb-5%||||false|false\u00bb custom_margin_tablet=\u00bb\u00bb custom_margin_phone=\u00bb-17%||||false|false\u00bb custom_margin_last_edited=\u00bbon|phone\u00bb locked=\u00bboff\u00bb global_colors_info=\u00bb{}\u00bb][\/et_pb_section][et_pb_section fb_built=\u00bb1&#8243; admin_label=\u00bbOur Services\u00bb _builder_version=\u00bb4.27.5&#8243; background_color=\u00bb#FFFFFF\u00bb background_enable_image=\u00bboff\u00bb custom_margin=\u00bb-79px|||||\u00bb custom_padding=\u00bb24px||63px|||\u00bb locked=\u00bboff\u00bb global_colors_info=\u00bb{}\u00bb][et_pb_row use_custom_gutter=\u00bbon\u00bb make_equal=\u00bbon\u00bb _builder_version=\u00bb4.27.4&#8243; width=\u00bb100%\u00bb max_width=\u00bb2560px\u00bb custom_margin=\u00bb-3px|155px||auto||\u00bb custom_margin_tablet=\u00bb\u00bb custom_margin_phone=\u00bb|0px||0px|false|false\u00bb custom_margin_last_edited=\u00bbon|phone\u00bb custom_padding=\u00bb198px||4px|||\u00bb animation_style=\u00bbfade\u00bb scroll_blur=\u00bb0|40|60|100|0px|0px|100px\u00bb global_colors_info=\u00bb{}\u00bb][et_pb_column type=\u00bb4_4&#8243; _builder_version=\u00bb4.27.4&#8243; custom_padding=\u00bb|||\u00bb global_colors_info=\u00bb{}\u00bb custom_padding__hover=\u00bb|||\u00bb][et_pb_text module_id=\u00bbHacemos\u00bb _builder_version=\u00bb4.27.5&#8243; text_font=\u00bbQuicksand||||||||\u00bb text_text_color=\u00bbrgba(0,0,0,0.02)\u00bb text_font_size=\u00bb100px\u00bb text_line_height=\u00bb0.2em\u00bb header_font=\u00bbQuicksand||||||||\u00bb header_font_size=\u00bb40px\u00bb header_2_font=\u00bbQuicksand||||||||\u00bb header_2_text_align=\u00bbcenter\u00bb header_2_font_size=\u00bb48px\u00bb header_2_line_height=\u00bb1.4em\u00bb transform_scale=\u00bb200%|200%\u00bb text_orientation=\u00bbcenter\u00bb width=\u00bb100%\u00bb max_width=\u00bb100%\u00bb custom_margin=\u00bb||30px||false\u00bb custom_margin_tablet=\u00bb||0px|\u00bb custom_margin_phone=\u00bb|||20%|false|false\u00bb custom_margin_last_edited=\u00bbon|tablet\u00bb custom_padding=\u00bb0px|||||\u00bb animation_style=\u00bbfade\u00bb text_font_size_tablet=\u00bb80px\u00bb text_font_size_phone=\u00bb45px\u00bb text_font_size_last_edited=\u00bbon|desktop\u00bb header_2_font_size_tablet=\u00bb\u00bb header_2_font_size_phone=\u00bb32px\u00bb header_2_font_size_last_edited=\u00bbon|phone\u00bb global_colors_info=\u00bb{}\u00bb]<\/p>\n<h1 class=\"text-4xl md:text-6xl font-bold text-white leading-tight\" style=\"text-align: center;\"><span style=\"color: #003366;\"><strong>Insurama | bpoExternaliza<\/strong><\/span><\/h1>\n<p>[\/et_pb_text][et_pb_text module_id=\u00bbHacemos\u00bb _builder_version=\u00bb4.27.5&#8243; text_font=\u00bbQuicksand||||||||\u00bb text_text_color=\u00bbrgba(0,0,0,0.02)\u00bb text_font_size=\u00bb100px\u00bb text_line_height=\u00bb0.2em\u00bb header_font=\u00bbQuicksand||||||||\u00bb header_2_font=\u00bbQuicksand||||||||\u00bb header_2_font_size=\u00bb28px\u00bb text_orientation=\u00bbcenter\u00bb min_height=\u00bb20px\u00bb custom_margin=\u00bb-27px||||false|false\u00bb custom_margin_tablet=\u00bb||0px|\u00bb custom_margin_phone=\u00bb1px|auto||20%|false|false\u00bb custom_margin_last_edited=\u00bbon|tablet\u00bb custom_padding=\u00bb26px||16px|||\u00bb animation_style=\u00bbfade\u00bb text_font_size_tablet=\u00bb80px\u00bb text_font_size_phone=\u00bb60px\u00bb text_font_size_last_edited=\u00bbon|desktop\u00bb header_2_font_size_tablet=\u00bb\u00bb header_2_font_size_phone=\u00bb25px\u00bb header_2_font_size_last_edited=\u00bbon|phone\u00bb global_colors_info=\u00bb{}\u00bb]<\/p>\n<h2 style=\"text-align: center;\"><span style=\"color: #003366;\">Ventajas del servicio<\/span><\/h2>\n<p>[\/et_pb_text][\/et_pb_column][\/et_pb_row][et_pb_row use_custom_gutter=\u00bbon\u00bb make_equal=\u00bbon\u00bb _builder_version=\u00bb4.27.4&#8243; background_enable_color=\u00bboff\u00bb background_enable_image=\u00bboff\u00bb background_size=\u00bbinitial\u00bb background_blend=\u00bbmultiply\u00bb transform_scale=\u00bb89%|89%\u00bb width=\u00bb74%\u00bb max_width=\u00bb1893px\u00bb module_alignment=\u00bbcenter\u00bb custom_margin=\u00bb|auto|28px|auto||\u00bb custom_padding=\u00bb2px|0px|2px|0px|true|true\u00bb animation_style=\u00bbfade\u00bb scroll_blur=\u00bb0|40|60|100|100px|0px|0px\u00bb custom_css_free_form=\u00bb\/* Estilo base *\/||.zoom-row {||  transition: transform 0.4s ease, box-shadow 0.3s ease;||  transform: scale(1);||}||||\/* Efecto al hacer hover *\/||.zoom-row:hover {||  transform: scale(1.05); \/* Aumenta o reduce el zoom aqu\u00ed *\/||  box-shadow: 0 10px 25px rgba(0,0,0,0.15);||  z-index: 10;||}||\u00bb global_colors_info=\u00bb{}\u00bb][et_pb_column type=\u00bb4_4&#8243; _builder_version=\u00bb4.27.4&#8243; global_colors_info=\u00bb{}\u00bb][et_pb_accordion toggle_icon=\u00bb&#xf07a;||fa||900&#8243; _builder_version=\u00bb4.27.5&#8243; _module_preset=\u00bbdefault\u00bb toggle_level=\u00bbh2&#8243; custom_margin=\u00bb24px|||||\u00bb global_colors_info=\u00bb{}\u00bb][et_pb_accordion_item title=\u00bbReparaci\u00f3n a domicilio o centro especializado\u00bb open=\u00bbon\u00bb open_toggle_text_color=\u00bb#FFFFFF\u00bb open_toggle_background_color=\u00bb#D6D6D6&#8243; closed_toggle_text_color=\u00bb#FFFFFF\u00bb closed_toggle_background_color=\u00bb#D6D6D6&#8243; icon_color=\u00bbRGBA(255,255,255,0)\u00bb _builder_version=\u00bb4.27.5&#8243; _module_preset=\u00bbdefault\u00bb body_font=\u00bb&#8211;et_global_body_font||||||||\u00bb body_text_color=\u00bb#FFFFFF\u00bb body_font_size=\u00bb30px\u00bb body_line_height=\u00bb1.6em\u00bb background_enable_color=\u00bboff\u00bb background_image=\u00bbhttps:\/\/www.bpoexternaliza.com\/wp-content\/uploads\/2026\/02\/FONDO-INSU.jpg\u00bb background_enable_image=\u00bbon\u00bb text_orientation=\u00bbcenter\u00bb custom_padding=\u00bb53px||53px||true|false\u00bb border_radii=\u00bbon|60px|60px|60px|60px\u00bb border_width_all=\u00bb4px\u00bb border_color_all=\u00bb#FFFFFF\u00bb border_style_all=\u00bbgroove\u00bb box_shadow_style=\u00bbpreset1&#8243; global_colors_info=\u00bb{}\u00bb toggle_text_color=\u00bb#FFFFFF\u00bb toggle_level=\u00bbh2&#8243; toggle_font=\u00bb&#8211;et_global_body_font|700|||||||\u00bb toggle_text_align=\u00bbcenter\u00bb toggle_font_size=\u00bb60px\u00bb closed_toggle_font=\u00bb&#8211;et_global_heading_font|700|||||||\u00bb closed_toggle_text_align=\u00bbcenter\u00bb closed_toggle_font_size=\u00bb60px\u00bb]<\/p>\n<p><span style=\"color: #ffffff;\">En caso de robo o que no sea posible la reparaci\u00f3n, se otorgar\u00e1 un equipo igual o similar de condiciones superiores (no se otorga compensaci\u00f3n econ\u00f3mica en ning\u00fan caso).<\/span><\/p>\n<p>[\/et_pb_accordion_item][et_pb_accordion_item title=\u00bbCubre equipos nuevos y usados\u00bb open_toggle_text_color=\u00bb#FFFFFF\u00bb open_toggle_background_color=\u00bb#D6D6D6&#8243; closed_toggle_text_color=\u00bb#FFFFFF\u00bb closed_toggle_background_color=\u00bb#D6D6D6&#8243; icon_color=\u00bbRGBA(255,255,255,0)\u00bb _builder_version=\u00bb4.27.5&#8243; _module_preset=\u00bbdefault\u00bb body_font=\u00bb&#8211;et_global_body_font||||||||\u00bb body_text_color=\u00bb#000000&#8243; body_font_size=\u00bb30px\u00bb body_line_height=\u00bb1.6em\u00bb background_enable_color=\u00bboff\u00bb background_image=\u00bbhttps:\/\/www.bpoexternaliza.com\/wp-content\/uploads\/2026\/02\/FONDO-INSU.jpg\u00bb background_enable_image=\u00bbon\u00bb text_orientation=\u00bbcenter\u00bb custom_padding=\u00bb53px||53px||true|false\u00bb border_radii=\u00bbon|60px|60px|60px|60px\u00bb border_width_all=\u00bb4px\u00bb border_color_all=\u00bb#FFFFFF\u00bb border_style_all=\u00bbgroove\u00bb box_shadow_style=\u00bbpreset1&#8243; global_colors_info=\u00bb{}\u00bb toggle_text_color=\u00bb#FFFFFF\u00bb toggle_level=\u00bbh2&#8243; toggle_font=\u00bb&#8211;et_global_body_font|700|||||||\u00bb toggle_text_align=\u00bbcenter\u00bb toggle_font_size=\u00bb60px\u00bb closed_toggle_font=\u00bb&#8211;et_global_heading_font|700|||||||\u00bb closed_toggle_text_align=\u00bbcenter\u00bb closed_toggle_font_size=\u00bb60px\u00bb open=\u00bboff\u00bb]<\/p>\n<p><span style=\"color: #ffffff;\">Todas las p\u00f3lizas cubren equipos nuevos y equipos usados, hasta un m\u00e1ximo de 3 a\u00f1os desde el momento de la compra.<\/span><\/p>\n<p>[\/et_pb_accordion_item][et_pb_accordion_item title=\u00bbTramitaci\u00f3n 100% digital\u00bb open_toggle_text_color=\u00bb#FFFFFF\u00bb open_toggle_background_color=\u00bb#D6D6D6&#8243; closed_toggle_text_color=\u00bb#FFFFFF\u00bb closed_toggle_background_color=\u00bb#D6D6D6&#8243; icon_color=\u00bbRGBA(255,255,255,0)\u00bb _builder_version=\u00bb4.27.5&#8243; _module_preset=\u00bbdefault\u00bb body_font=\u00bb&#8211;et_global_body_font||||||||\u00bb body_text_color=\u00bb#FFFFFF\u00bb body_font_size=\u00bb30px\u00bb body_line_height=\u00bb1.6em\u00bb background_enable_color=\u00bboff\u00bb background_image=\u00bbhttps:\/\/www.bpoexternaliza.com\/wp-content\/uploads\/2026\/02\/FONDO-INSU.jpg\u00bb background_enable_image=\u00bbon\u00bb text_orientation=\u00bbcenter\u00bb custom_padding=\u00bb53px||53px||true|false\u00bb border_radii=\u00bbon|60px|60px|60px|60px\u00bb border_width_all=\u00bb4px\u00bb border_color_all=\u00bb#FFFFFF\u00bb border_style_all=\u00bbgroove\u00bb global_colors_info=\u00bb{}\u00bb toggle_text_color=\u00bb#FFFFFF\u00bb toggle_level=\u00bbh2&#8243; toggle_font=\u00bb&#8211;et_global_body_font|700|||||||\u00bb toggle_text_align=\u00bbcenter\u00bb toggle_font_size=\u00bb60px\u00bb closed_toggle_font=\u00bb&#8211;et_global_heading_font|700|||||||\u00bb closed_toggle_text_align=\u00bbcenter\u00bb closed_toggle_font_size=\u00bb60px\u00bb toggle_letter_spacing_tablet=\u00bb\u00bb toggle_letter_spacing_phone=\u00bb\u00bb toggle_letter_spacing_last_edited=\u00bbon|desktop\u00bb open=\u00bboff\u00bb]<\/p>\n<p><span style=\"color: #ffffff;\">La tramitaci\u00f3n de las p\u00f3lizas y el peritaje de dispositivos se hacen a trav\u00e9s de la app de Insurama.<\/span><\/p>\n<p>[\/et_pb_accordion_item][\/et_pb_accordion][\/et_pb_column][\/et_pb_row][et_pb_row _builder_version=\u00bb4.27.4&#8243; _module_preset=\u00bbdefault\u00bb custom_margin=\u00bb5px|auto||auto||\u00bb custom_padding=\u00bb2px||54px||false|\u00bb global_colors_info=\u00bb{}\u00bb][et_pb_column type=\u00bb4_4&#8243; _builder_version=\u00bb4.27.4&#8243; _module_preset=\u00bbdefault\u00bb global_colors_info=\u00bb{}\u00bb][et_pb_button button_url=\u00bbhttps:\/\/www.bpoexternaliza.com\/index.php\/insurama-d16-2-5-2\/\u00bb button_text=\u00bbVer Simulaci\u00f3n a 3 meses\u00bb button_alignment=\u00bbcenter\u00bb module_class=\u00bbzoom-row\u00bb _builder_version=\u00bb4.27.6&#8243; _module_preset=\u00bbdefault\u00bb custom_button=\u00bbon\u00bb button_text_size=\u00bb30px\u00bb button_bg_color=\u00bb#032b35&#8243; button_bg_enable_image=\u00bboff\u00bb button_border_width=\u00bb0px\u00bb button_border_color=\u00bbRGBA(255,255,255,0)\u00bb button_border_radius=\u00bb37px\u00bb button_font=\u00bb&#8211;et_global_body_font|&#8211;et_global_body_font_weight|||||||\u00bb button_use_icon=\u00bboff\u00bb background_layout=\u00bbdark\u00bb custom_padding=\u00bb14px|39px|14px|39px|true|true\u00bb hover_enabled=\u00bb0&#8243; box_shadow_style=\u00bbpreset1&#8243; global_colors_info=\u00bb{}\u00bb sticky_enabled=\u00bb0&#8243;][\/et_pb_button][\/et_pb_column][\/et_pb_row][et_pb_row _builder_version=\u00bb4.27.4&#8243; _module_preset=\u00bbdefault\u00bb custom_margin=\u00bb-8px|auto||auto|false|false\u00bb global_colors_info=\u00bb{}\u00bb][et_pb_column type=\u00bb4_4&#8243; _builder_version=\u00bb4.27.4&#8243; _module_preset=\u00bbdefault\u00bb global_colors_info=\u00bb{}\u00bb][et_pb_button button_url=\u00bbhttps:\/\/www.bpoexternaliza.com\/index.php\/insurama-d16\/\u00bb button_text=\u00bbVolver\u00bb button_alignment=\u00bbcenter\u00bb module_class=\u00bbzoom-row\u00bb _builder_version=\u00bb4.27.6&#8243; _module_preset=\u00bbdefault\u00bb custom_button=\u00bbon\u00bb button_text_size=\u00bb16px\u00bb button_text_color=\u00bb#FFFFFF\u00bb button_bg_color=\u00bbrgba(1,55,68,0.54)\u00bb button_border_width=\u00bb0px\u00bb button_border_color=\u00bbRGBA(255,255,255,0)\u00bb button_border_radius=\u00bb23px\u00bb button_font=\u00bb&#8211;et_global_body_font|&#8211;et_global_body_font_weight|||||||\u00bb button_use_icon=\u00bboff\u00bb background_layout=\u00bbdark\u00bb custom_padding=\u00bb10px|23px|10px|23px|true|true\u00bb box_shadow_style=\u00bbpreset1&#8243; global_colors_info=\u00bb{}\u00bb][\/et_pb_button][\/et_pb_column][\/et_pb_row][\/et_pb_section][et_pb_section fb_built=\u00bb1&#8243; admin_label=\u00bbSecci\u00f3n\u00bb _builder_version=\u00bb4.27.4&#8243; _module_preset=\u00bbdefault\u00bb background_color=\u00bbgcid-613882d4-eb84-4be9-83b7-25a7f10b2725&#8243; custom_padding=\u00bb||54px|||\u00bb global_colors_info=\u00bb{%22gcid-613882d4-eb84-4be9-83b7-25a7f10b2725%22:%91%22background_color%22%93}\u00bb][et_pb_row column_structure=\u00bb1_6,1_6,1_6,1_6,1_6,1_6&#8243; disabled_on=\u00bbon|on|off\u00bb _builder_version=\u00bb4.16&#8243; width=\u00bb100%\u00bb custom_margin=\u00bb1px|auto||auto||\u00bb custom_padding=\u00bb||0px|||\u00bb saved_tabs=\u00bball\u00bb global_colors_info=\u00bb{}\u00bb][et_pb_column type=\u00bb1_6&#8243; _builder_version=\u00bb4.16&#8243; global_colors_info=\u00bb{}\u00bb][\/et_pb_column][et_pb_column type=\u00bb1_6&#8243; _builder_version=\u00bb4.16&#8243; global_colors_info=\u00bb{}\u00bb][et_pb_text _builder_version=\u00bb4.16&#8243; text_font=\u00bbQuicksand||||||||\u00bb text_font_size=\u00bb12px\u00bb transform_scale_linked=\u00bboff\u00bb width=\u00bb100%\u00bb custom_margin=\u00bb0px|0px|0px|0px|false|false\u00bb custom_padding=\u00bb|0px||0px|false|false\u00bb link_option_url=\u00bbhttps:\/\/www.bpoexternaliza.com\/index.php\/politica-privacidad\u00bb global_colors_info=\u00bb{}\u00bb]<\/p>\n<p><strong><span style=\"color: #ffffff;\"><a href=\"https:\/\/www.bpoexternaliza.com\/index.php\/politica-de-privacidad\/\" style=\"color: #ffffff;\">Pol\u00edtica de Privacidad<\/a>\u00a0<\/span><\/strong><\/p>\n<p>[\/et_pb_text][\/et_pb_column][et_pb_column type=\u00bb1_6&#8243; _builder_version=\u00bb4.16&#8243; global_colors_info=\u00bb{}\u00bb][\/et_pb_column][et_pb_column type=\u00bb1_6&#8243; _builder_version=\u00bb4.16&#8243; global_colors_info=\u00bb{}\u00bb][et_pb_text _builder_version=\u00bb4.16&#8243; text_font=\u00bbQuicksand||||||||\u00bb text_font_size=\u00bb12px\u00bb transform_scale_linked=\u00bboff\u00bb width=\u00bb100%\u00bb custom_margin=\u00bb0px|0px|0px|0px|false|false\u00bb custom_padding=\u00bb|0px||0px|false|false\u00bb global_colors_info=\u00bb{}\u00bb]<\/p>\n<p><strong><span style=\"color: #ffffff;\"><a href=\"https:\/\/www.bpoexternaliza.com\/index.php\/politica-de-cookies\/\" style=\"color: #ffffff;\">Pol\u00edtica de Cookies<\/a>\u00a0<\/span><\/strong><\/p>\n<p>[\/et_pb_text][\/et_pb_column][et_pb_column type=\u00bb1_6&#8243; _builder_version=\u00bb4.16&#8243; global_colors_info=\u00bb{}\u00bb][\/et_pb_column][et_pb_column type=\u00bb1_6&#8243; _builder_version=\u00bb4.16&#8243; global_colors_info=\u00bb{}\u00bb][et_pb_text _builder_version=\u00bb4.16&#8243; text_font=\u00bbQuicksand||||||||\u00bb text_font_size=\u00bb13px\u00bb header_font=\u00bbQuicksand||||||||\u00bb width=\u00bb100%\u00bb global_colors_info=\u00bb{}\u00bb]<\/p>\n<p><span style=\"color: #ffffff;\"><a href=\"https:\/\/www.bpoexternaliza.com\/index.php\/aviso-legal\/\" style=\"color: #ffffff;\"><strong>Aviso Legal<\/strong><\/a><\/span><\/p>\n<p>[\/et_pb_text][\/et_pb_column][\/et_pb_row][\/et_pb_section]<\/p>\n","protected":false},"excerpt":{"rendered":"<p>Insurama | bpoExternalizaVentajas del servicioEn caso de robo o que no sea posible la reparaci\u00f3n, se otorgar\u00e1 un equipo igual o similar de condiciones superiores (no se otorga compensaci\u00f3n econ\u00f3mica en ning\u00fan caso).Todas las p\u00f3lizas cubren equipos nuevos y equipos usados, hasta un m\u00e1ximo de 3 a\u00f1os desde el momento de la compra.La tramitaci\u00f3n de [&hellip;]<\/p>\n","protected":false},"author":4,"featured_media":0,"parent":0,"menu_order":0,"comment_status":"closed","ping_status":"closed","template":"","meta":{"_et_pb_use_builder":"on","_et_pb_old_content":"","_et_gb_content_width":"","footnotes":""},"class_list":["post-32172","page","type-page","status-publish","hentry"],"_links":{"self":[{"href":"https:\/\/www.bpoexternaliza.com\/index.php\/wp-json\/wp\/v2\/pages\/32172","targetHints":{"allow":["GET"]}}],"collection":[{"href":"https:\/\/www.bpoexternaliza.com\/index.php\/wp-json\/wp\/v2\/pages"}],"about":[{"href":"https:\/\/www.bpoexternaliza.com\/index.php\/wp-json\/wp\/v2\/types\/page"}],"author":[{"embeddable":true,"href":"https:\/\/www.bpoexternaliza.com\/index.php\/wp-json\/wp\/v2\/users\/4"}],"replies":[{"embeddable":true,"href":"https:\/\/www.bpoexternaliza.com\/index.php\/wp-json\/wp\/v2\/comments?post=32172"}],"version-history":[{"count":14,"href":"https:\/\/www.bpoexternaliza.com\/index.php\/wp-json\/wp\/v2\/pages\/32172\/revisions"}],"predecessor-version":[{"id":32911,"href":"https:\/\/www.bpoexternaliza.com\/index.php\/wp-json\/wp\/v2\/pages\/32172\/revisions\/32911"}],"wp:attachment":[{"href":"https:\/\/www.bpoexternaliza.com\/index.php\/wp-json\/wp\/v2\/media?parent=32172"}],"curies":[{"name":"wp","href":"https:\/\/api.w.org\/{rel}","templated":true}]}}