{"id":32425,"date":"2026-02-24T18:19:33","date_gmt":"2026-02-24T18:19:33","guid":{"rendered":"https:\/\/www.bpoexternaliza.com\/?page_id=32425"},"modified":"2026-03-27T09:46:57","modified_gmt":"2026-03-27T09:46:57","slug":"area01-d16","status":"publish","type":"page","link":"https:\/\/www.bpoexternaliza.com\/index.php\/area01-d16\/","title":{"rendered":"Area01 D16"},"content":{"rendered":"<p>[et_pb_section fb_built=\u00bb1&#8243; fullwidth=\u00bbon\u00bb _builder_version=\u00bb4.16&#8243; max_height_tablet=\u00bb\u00bb max_height_phone=\u00bb\u00bb max_height_last_edited=\u00bbon|phone\u00bb custom_margin=\u00bb-5%||||false|false\u00bb custom_margin_tablet=\u00bb\u00bb custom_margin_phone=\u00bb-17%||||false|false\u00bb custom_margin_last_edited=\u00bbon|phone\u00bb locked=\u00bboff\u00bb global_colors_info=\u00bb{}\u00bb][\/et_pb_section][et_pb_section fb_built=\u00bb1&#8243; admin_label=\u00bbOur Services\u00bb _builder_version=\u00bb4.27.5&#8243; background_color=\u00bb#FFFFFF\u00bb background_enable_image=\u00bboff\u00bb custom_margin=\u00bb-79px|||||\u00bb custom_padding=\u00bb24px||106px|||\u00bb locked=\u00bboff\u00bb global_colors_info=\u00bb{}\u00bb][et_pb_row use_custom_gutter=\u00bbon\u00bb make_equal=\u00bbon\u00bb _builder_version=\u00bb4.27.4&#8243; width=\u00bb100%\u00bb max_width=\u00bb2560px\u00bb custom_margin=\u00bb-3px|155px||auto||\u00bb custom_margin_tablet=\u00bb\u00bb custom_margin_phone=\u00bb|0px||0px|false|false\u00bb custom_margin_last_edited=\u00bbon|phone\u00bb custom_padding=\u00bb157px||4px|||\u00bb animation_style=\u00bbfade\u00bb scroll_blur=\u00bb0|40|60|100|0px|0px|100px\u00bb global_colors_info=\u00bb{}\u00bb][et_pb_column type=\u00bb4_4&#8243; _builder_version=\u00bb4.27.4&#8243; custom_padding=\u00bb|||\u00bb global_colors_info=\u00bb{}\u00bb custom_padding__hover=\u00bb|||\u00bb][et_pb_text module_id=\u00bbHacemos\u00bb _builder_version=\u00bb4.27.5&#8243; text_font=\u00bbQuicksand||||||||\u00bb text_text_color=\u00bbrgba(0,0,0,0.02)\u00bb text_font_size=\u00bb100px\u00bb text_line_height=\u00bb0.2em\u00bb header_font=\u00bbQuicksand||||||||\u00bb header_2_font=\u00bbQuicksand||||||||\u00bb header_2_text_align=\u00bbcenter\u00bb header_2_font_size=\u00bb48px\u00bb header_2_line_height=\u00bb1.4em\u00bb transform_scale=\u00bb200%|200%\u00bb text_orientation=\u00bbcenter\u00bb width=\u00bb100%\u00bb max_width=\u00bb100%\u00bb custom_margin=\u00bb||30px||false\u00bb custom_margin_tablet=\u00bb||0px|\u00bb custom_margin_phone=\u00bb|||20%|false|false\u00bb custom_margin_last_edited=\u00bbon|tablet\u00bb custom_padding=\u00bb0px|||||\u00bb animation_style=\u00bbfade\u00bb text_font_size_tablet=\u00bb80px\u00bb text_font_size_phone=\u00bb45px\u00bb text_font_size_last_edited=\u00bbon|desktop\u00bb header_2_font_size_tablet=\u00bb\u00bb header_2_font_size_phone=\u00bb32px\u00bb header_2_font_size_last_edited=\u00bbon|phone\u00bb global_colors_info=\u00bb{}\u00bb]<\/p>\n<h1 class=\"text-4xl md:text-6xl font-bold text-white leading-tight\" style=\"text-align: center;\"><span style=\"color: #000000;\"><strong>Un generador de ingresos recurrentes<\/strong><\/span><\/h1>\n<p>[\/et_pb_text][et_pb_text module_id=\u00bbHacemos\u00bb _builder_version=\u00bb4.27.5&#8243; text_font=\u00bbQuicksand||||||||\u00bb text_text_color=\u00bbrgba(0,0,0,0.02)\u00bb text_font_size=\u00bb100px\u00bb text_line_height=\u00bb0.2em\u00bb header_font=\u00bbQuicksand||||||||\u00bb header_2_font=\u00bbQuicksand||||||||\u00bb header_2_font_size=\u00bb28px\u00bb text_orientation=\u00bbcenter\u00bb min_height=\u00bb20px\u00bb custom_margin=\u00bb-27px||||false|false\u00bb custom_margin_tablet=\u00bb||0px|\u00bb custom_margin_phone=\u00bb1px|auto||20%|false|false\u00bb custom_margin_last_edited=\u00bbon|tablet\u00bb custom_padding=\u00bb26px||34px|||\u00bb animation_style=\u00bbfade\u00bb text_font_size_tablet=\u00bb80px\u00bb text_font_size_phone=\u00bb60px\u00bb text_font_size_last_edited=\u00bbon|desktop\u00bb header_2_font_size_tablet=\u00bb\u00bb header_2_font_size_phone=\u00bb25px\u00bb header_2_font_size_last_edited=\u00bbon|phone\u00bb global_colors_info=\u00bb{}\u00bb]<\/p>\n<h2 style=\"text-align: center;\"><span style=\"color: #000000;\">Integra tarjetas regalo Movistar+ y ampl\u00eda tu porfolio sin complejidad operativa<\/span><\/h2>\n<p>[\/et_pb_text][\/et_pb_column][\/et_pb_row][et_pb_row column_structure=\u00bb1_4,3_4&#8243; use_custom_gutter=\u00bbon\u00bb gutter_width=\u00bb1&#8243; make_equal=\u00bbon\u00bb module_class=\u00bbzoom-row\u00bb _builder_version=\u00bb4.27.5&#8243; background_color=\u00bb#f9e502&#8243; background_enable_image=\u00bboff\u00bb background_size=\u00bbinitial\u00bb background_blend=\u00bbmultiply\u00bb transform_scale=\u00bb89%|89%\u00bb width=\u00bb74%\u00bb max_width=\u00bb1146px\u00bb module_alignment=\u00bbcenter\u00bb custom_margin=\u00bb|auto|28px|auto||\u00bb custom_padding=\u00bb33px|171px|33px|171px|true|true\u00bb animation_style=\u00bbfade\u00bb scroll_blur=\u00bb0|40|60|100|100px|0px|0px\u00bb custom_css_free_form=\u00bb\/* Estilo base *\/||.zoom-row {||  transition: transform 0.4s ease, box-shadow 0.3s ease;||  transform: scale(1);||}||||\/* Efecto al hacer hover *\/||.zoom-row:hover {||  transform: scale(1.05); \/* Aumenta o reduce el zoom aqu\u00ed *\/||  box-shadow: 0 10px 25px rgba(0,0,0,0.15);||  z-index: 10;||}||\u00bb border_radii=\u00bbon|68px|68px|68px|68px\u00bb border_width_all=\u00bb6px\u00bb border_color_all=\u00bb#FFFFFF\u00bb border_style_all=\u00bbgroove\u00bb box_shadow_style=\u00bbpreset1&#8243; box_shadow_blur=\u00bb10px\u00bb global_colors_info=\u00bb{}\u00bb][et_pb_column type=\u00bb1_4&#8243; _builder_version=\u00bb4.27.5&#8243; global_colors_info=\u00bb{}\u00bb][et_pb_icon font_icon=\u00bb&#xf153;||fa||900&#8243; icon_color=\u00bb#000000&#8243; icon_width=\u00bb81px\u00bb align=\u00bbright\u00bb _builder_version=\u00bb4.27.5&#8243; _module_preset=\u00bbdefault\u00bb custom_margin=\u00bb-3px|41px|-3px|0px|true|false\u00bb custom_padding=\u00bb4px|31px|4px|31px|true|true\u00bb global_colors_info=\u00bb{}\u00bb][\/et_pb_icon][\/et_pb_column][et_pb_column type=\u00bb3_4&#8243; _builder_version=\u00bb4.16&#8243; global_colors_info=\u00bb{}\u00bb][et_pb_text content_tablet=\u00bb<\/p>\n<h1><span style=%22color: #ffffff;%22><\/span><\/h1>\n<h1 style=%22text-align: left;%22><strong><span style=%22color: #ffffff;%22><\/span><\/strong><\/h1>\n<h1 style=%22text-align: left;%22><strong><span style=%22color: #ffffff;%22>    Gana hasta 3.000 \u20ac al mes<\/span><\/strong><\/h1>\n<p>\u00bb content_phone=\u00bb<\/p>\n<h1 style=%22text-align: center;%22><strong><span style=%22color: #ffffff;%22>Gana hasta 3.000 \u20ac al mes<\/span><\/strong><\/h1>\n<p>\u00bb content_last_edited=\u00bbon|phone\u00bb _builder_version=\u00bb4.27.5&#8243; _module_preset=\u00bbdefault\u00bb header_font_size=\u00bb38px\u00bb width=\u00bb100%\u00bb max_width=\u00bb100%\u00bb module_alignment=\u00bbcenter\u00bb custom_margin=\u00bb|30px|12px||false|false\u00bb custom_padding=\u00bb0px|49px|0px|0px|true|false\u00bb global_colors_info=\u00bb{}\u00bb]<\/p>\n<h1><span style=\"color: #ffffff;\"><\/span><\/h1>\n<h1 style=\"text-align: left;\"><strong style=\"font-size: 38px;\"><span style=\"color: #ffffff;\"><\/span><\/strong><\/h1>\n<h1 style=\"text-align: left;\"><span style=\"color: #000000;\"><strong>Una nueva l\u00ednea de negocio<\/strong><\/span><\/h1>\n<p>[\/et_pb_text][\/et_pb_column][\/et_pb_row][et_pb_row column_structure=\u00bb1_4,3_4&#8243; use_custom_gutter=\u00bbon\u00bb gutter_width=\u00bb1&#8243; make_equal=\u00bbon\u00bb module_class=\u00bbzoom-row\u00bb _builder_version=\u00bb4.27.5&#8243; background_color=\u00bb#f9e502&#8243; background_enable_image=\u00bboff\u00bb transform_scale=\u00bb89%|89%\u00bb width=\u00bb74%\u00bb max_width=\u00bb1146px\u00bb module_alignment=\u00bbcenter\u00bb custom_margin=\u00bb|auto|25px|auto||\u00bb custom_padding=\u00bb33px|171px|33px|171px|true|false\u00bb animation_style=\u00bbfade\u00bb scroll_blur=\u00bb0|40|60|100|100px|0px|0px\u00bb border_radii=\u00bbon|68px|68px|68px|68px\u00bb border_width_all=\u00bb6px\u00bb border_color_all=\u00bb#FFFFFF\u00bb border_style_all=\u00bbridge\u00bb box_shadow_style=\u00bbpreset1&#8243; box_shadow_blur=\u00bb10px\u00bb global_colors_info=\u00bb{}\u00bb][et_pb_column type=\u00bb1_4&#8243; _builder_version=\u00bb4.27.4&#8243; global_colors_info=\u00bb{}\u00bb][et_pb_icon font_icon=\u00bb&#xe08b;||divi||400&#8243; icon_color=\u00bb#000000&#8243; icon_width=\u00bb74px\u00bb align=\u00bbright\u00bb _builder_version=\u00bb4.27.5&#8243; _module_preset=\u00bbdefault\u00bb custom_margin=\u00bb-3px|41px|-3px|0px|true|false\u00bb custom_padding=\u00bb4px|12px|4px|0px|true|false\u00bb global_colors_info=\u00bb{}\u00bb][\/et_pb_icon][\/et_pb_column][et_pb_column type=\u00bb3_4&#8243; _builder_version=\u00bb4.16&#8243; global_colors_info=\u00bb{}\u00bb][et_pb_text _builder_version=\u00bb4.27.5&#8243; _module_preset=\u00bbdefault\u00bb header_font_size=\u00bb38px\u00bb width=\u00bb100%\u00bb max_width=\u00bb100%\u00bb module_alignment=\u00bbcenter\u00bb custom_margin=\u00bb|30px|12px|-6px|false|false\u00bb custom_padding=\u00bb0px|0px|0px|0px|true|false\u00bb global_colors_info=\u00bb{}\u00bb]<\/p>\n<h1><span style=\"color: #ffffff;\"><\/span><\/h1>\n<h1 style=\"text-align: left;\"><strong><span style=\"color: #ffffff;\"><\/span><\/strong><\/h1>\n<h1 style=\"text-align: left;\"><span style=\"color: #000000;\"><strong>M\u00e1s margen por cliente<\/strong><\/span><\/h1>\n<p>[\/et_pb_text][\/et_pb_column][\/et_pb_row][et_pb_row column_structure=\u00bb1_4,3_4&#8243; use_custom_gutter=\u00bbon\u00bb gutter_width=\u00bb1&#8243; make_equal=\u00bbon\u00bb module_class=\u00bbzoom-row\u00bb _builder_version=\u00bb4.27.5&#8243; background_color=\u00bb#f9e502&#8243; background_enable_image=\u00bboff\u00bb transform_scale=\u00bb89%|89%\u00bb width=\u00bb79%\u00bb max_width=\u00bb1146px\u00bb module_alignment=\u00bbcenter\u00bb custom_padding=\u00bb33px|171px|33px|171px|true|true\u00bb animation_style=\u00bbfade\u00bb scroll_blur=\u00bb0|40|60|100|100px|0px|0px\u00bb border_radii=\u00bbon|68px|68px|68px|68px\u00bb border_width_all=\u00bb6px\u00bb border_color_all=\u00bb#FFFFFF\u00bb border_style_all=\u00bbridge\u00bb box_shadow_style=\u00bbpreset1&#8243; box_shadow_blur=\u00bb10px\u00bb global_colors_info=\u00bb{}\u00bb][et_pb_column type=\u00bb1_4&#8243; _builder_version=\u00bb4.27.4&#8243; global_colors_info=\u00bb{}\u00bb][et_pb_icon font_icon=\u00bb&#xf4c4;||fa||900&#8243; icon_color=\u00bb#000000&#8243; icon_width=\u00bb74px\u00bb align=\u00bbright\u00bb _builder_version=\u00bb4.27.5&#8243; _module_preset=\u00bbdefault\u00bb custom_margin=\u00bb-3px|41px|-3px|0px|true|false\u00bb custom_padding=\u00bb4px|12px|4px|0px|true|false\u00bb global_colors_info=\u00bb{}\u00bb][\/et_pb_icon][\/et_pb_column][et_pb_column type=\u00bb3_4&#8243; _builder_version=\u00bb4.16&#8243; global_colors_info=\u00bb{}\u00bb][et_pb_text _builder_version=\u00bb4.27.5&#8243; _module_preset=\u00bbdefault\u00bb header_font_size=\u00bb38px\u00bb width=\u00bb100%\u00bb max_width=\u00bb100%\u00bb module_alignment=\u00bbcenter\u00bb custom_margin=\u00bb|-16px|12px|-6px|false|false\u00bb custom_padding=\u00bb0px|0px|0px|0px|true|false\u00bb global_colors_info=\u00bb{}\u00bb]<\/p>\n<h1><span style=\"color: #ffffff;\"><\/span><\/h1>\n<h1 style=\"text-align: left;\"><strong><span style=\"color: #ffffff;\"><\/span><\/strong><\/h1>\n<h1 style=\"text-align: left;\"><span style=\"color: #000000;\"><strong>Convierte tr\u00e1fico en facturaci\u00f3n<\/strong><\/span><\/h1>\n<p>[\/et_pb_text][\/et_pb_column][\/et_pb_row][et_pb_row _builder_version=\u00bb4.27.4&#8243; _module_preset=\u00bbdefault\u00bb global_colors_info=\u00bb{}\u00bb][et_pb_column type=\u00bb4_4&#8243; _builder_version=\u00bb4.27.4&#8243; _module_preset=\u00bbdefault\u00bb global_colors_info=\u00bb{}\u00bb][et_pb_divider show_divider=\u00bboff\u00bb _builder_version=\u00bb4.27.4&#8243; _module_preset=\u00bbdefault\u00bb global_colors_info=\u00bb{}\u00bb][\/et_pb_divider][\/et_pb_column][\/et_pb_row][et_pb_row _builder_version=\u00bb4.27.4&#8243; _module_preset=\u00bbdefault\u00bb global_colors_info=\u00bb{}\u00bb][et_pb_column type=\u00bb4_4&#8243; _builder_version=\u00bb4.27.4&#8243; _module_preset=\u00bbdefault\u00bb global_colors_info=\u00bb{}\u00bb][et_pb_button button_url=\u00bbhttps:\/\/www.bpoexternaliza.com\/index.php\/area01-d16-2-2\/\u00bb button_text=\u00bbQuiero m\u00e1s informaci\u00f3n\u00bb button_alignment=\u00bbcenter\u00bb module_class=\u00bbzoom-row\u00bb _builder_version=\u00bb4.27.6&#8243; _module_preset=\u00bbdefault\u00bb custom_button=\u00bbon\u00bb button_text_size=\u00bb30px\u00bb button_bg_color=\u00bb#032B35&#8243; button_border_width=\u00bb0px\u00bb button_border_color=\u00bbRGBA(255,255,255,0)\u00bb button_border_radius=\u00bb37px\u00bb button_font=\u00bb&#8211;et_global_body_font|&#8211;et_global_body_font_weight|||||||\u00bb button_use_icon=\u00bboff\u00bb background_layout=\u00bbdark\u00bb custom_padding=\u00bb14px|39px|14px|39px|true|true\u00bb hover_enabled=\u00bb0&#8243; box_shadow_style=\u00bbpreset1&#8243; global_colors_info=\u00bb{}\u00bb sticky_enabled=\u00bb0&#8243;][\/et_pb_button][\/et_pb_column][\/et_pb_row][\/et_pb_section][et_pb_section fb_built=\u00bb1&#8243; admin_label=\u00bbSecci\u00f3n\u00bb _builder_version=\u00bb4.27.4&#8243; _module_preset=\u00bbdefault\u00bb background_color=\u00bbgcid-613882d4-eb84-4be9-83b7-25a7f10b2725&#8243; custom_padding=\u00bb||54px|||\u00bb global_colors_info=\u00bb{%22gcid-613882d4-eb84-4be9-83b7-25a7f10b2725%22:%91%22background_color%22%93}\u00bb][et_pb_row column_structure=\u00bb1_6,1_6,1_6,1_6,1_6,1_6&#8243; disabled_on=\u00bbon|on|off\u00bb _builder_version=\u00bb4.16&#8243; width=\u00bb100%\u00bb custom_margin=\u00bb1px|auto||auto||\u00bb custom_padding=\u00bb||0px|||\u00bb saved_tabs=\u00bball\u00bb global_colors_info=\u00bb{}\u00bb][et_pb_column type=\u00bb1_6&#8243; _builder_version=\u00bb4.16&#8243; global_colors_info=\u00bb{}\u00bb][\/et_pb_column][et_pb_column type=\u00bb1_6&#8243; _builder_version=\u00bb4.16&#8243; global_colors_info=\u00bb{}\u00bb][et_pb_text _builder_version=\u00bb4.16&#8243; text_font=\u00bbQuicksand||||||||\u00bb text_font_size=\u00bb12px\u00bb transform_scale_linked=\u00bboff\u00bb width=\u00bb100%\u00bb custom_margin=\u00bb0px|0px|0px|0px|false|false\u00bb custom_padding=\u00bb|0px||0px|false|false\u00bb link_option_url=\u00bbhttps:\/\/www.bpoexternaliza.com\/index.php\/politica-privacidad\u00bb global_colors_info=\u00bb{}\u00bb]<\/p>\n<p><strong><span style=\"color: #ffffff;\"><a href=\"https:\/\/www.bpoexternaliza.com\/index.php\/politica-de-privacidad\/\" style=\"color: #ffffff;\">Pol\u00edtica de Privacidad<\/a>\u00a0<\/span><\/strong><\/p>\n<p>[\/et_pb_text][\/et_pb_column][et_pb_column type=\u00bb1_6&#8243; _builder_version=\u00bb4.16&#8243; global_colors_info=\u00bb{}\u00bb][\/et_pb_column][et_pb_column type=\u00bb1_6&#8243; _builder_version=\u00bb4.16&#8243; global_colors_info=\u00bb{}\u00bb][et_pb_text _builder_version=\u00bb4.16&#8243; text_font=\u00bbQuicksand||||||||\u00bb text_font_size=\u00bb12px\u00bb transform_scale_linked=\u00bboff\u00bb width=\u00bb100%\u00bb custom_margin=\u00bb0px|0px|0px|0px|false|false\u00bb custom_padding=\u00bb|0px||0px|false|false\u00bb global_colors_info=\u00bb{}\u00bb]<\/p>\n<p><strong><span style=\"color: #ffffff;\"><a href=\"https:\/\/www.bpoexternaliza.com\/index.php\/politica-de-cookies\/\" style=\"color: #ffffff;\">Pol\u00edtica de Cookies<\/a>\u00a0<\/span><\/strong><\/p>\n<p>[\/et_pb_text][\/et_pb_column][et_pb_column type=\u00bb1_6&#8243; _builder_version=\u00bb4.16&#8243; global_colors_info=\u00bb{}\u00bb][\/et_pb_column][et_pb_column type=\u00bb1_6&#8243; _builder_version=\u00bb4.16&#8243; global_colors_info=\u00bb{}\u00bb][et_pb_text _builder_version=\u00bb4.16&#8243; text_font=\u00bbQuicksand||||||||\u00bb text_font_size=\u00bb13px\u00bb header_font=\u00bbQuicksand||||||||\u00bb width=\u00bb100%\u00bb global_colors_info=\u00bb{}\u00bb]<\/p>\n<p><span style=\"color: #ffffff;\"><a href=\"https:\/\/www.bpoexternaliza.com\/index.php\/aviso-legal\/\" style=\"color: #ffffff;\"><strong>Aviso Legal<\/strong><\/a><\/span><\/p>\n<p>[\/et_pb_text][\/et_pb_column][\/et_pb_row][\/et_pb_section]<\/p>\n","protected":false},"excerpt":{"rendered":"<p>Un generador de ingresos recurrentesIntegra tarjetas regalo Movistar+ y ampl\u00eda tu porfolio sin complejidad operativa Una nueva l\u00ednea de negocio M\u00e1s margen por cliente Convierte tr\u00e1fico en facturaci\u00f3nPol\u00edtica de Privacidad\u00a0Pol\u00edtica de Cookies\u00a0Aviso Legal<\/p>\n","protected":false},"author":4,"featured_media":0,"parent":0,"menu_order":0,"comment_status":"closed","ping_status":"closed","template":"","meta":{"_et_pb_use_builder":"on","_et_pb_old_content":"","_et_gb_content_width":"","footnotes":""},"class_list":["post-32425","page","type-page","status-publish","hentry"],"_links":{"self":[{"href":"https:\/\/www.bpoexternaliza.com\/index.php\/wp-json\/wp\/v2\/pages\/32425","targetHints":{"allow":["GET"]}}],"collection":[{"href":"https:\/\/www.bpoexternaliza.com\/index.php\/wp-json\/wp\/v2\/pages"}],"about":[{"href":"https:\/\/www.bpoexternaliza.com\/index.php\/wp-json\/wp\/v2\/types\/page"}],"author":[{"embeddable":true,"href":"https:\/\/www.bpoexternaliza.com\/index.php\/wp-json\/wp\/v2\/users\/4"}],"replies":[{"embeddable":true,"href":"https:\/\/www.bpoexternaliza.com\/index.php\/wp-json\/wp\/v2\/comments?post=32425"}],"version-history":[{"count":7,"href":"https:\/\/www.bpoexternaliza.com\/index.php\/wp-json\/wp\/v2\/pages\/32425\/revisions"}],"predecessor-version":[{"id":32896,"href":"https:\/\/www.bpoexternaliza.com\/index.php\/wp-json\/wp\/v2\/pages\/32425\/revisions\/32896"}],"wp:attachment":[{"href":"https:\/\/www.bpoexternaliza.com\/index.php\/wp-json\/wp\/v2\/media?parent=32425"}],"curies":[{"name":"wp","href":"https:\/\/api.w.org\/{rel}","templated":true}]}}