{"id":32752,"date":"2026-03-13T09:29:03","date_gmt":"2026-03-13T09:29:03","guid":{"rendered":"https:\/\/www.bpoexternaliza.com\/?page_id=32752"},"modified":"2026-03-27T09:21:33","modified_gmt":"2026-03-27T09:21:33","slug":"o2-residencial-partners-16-1-2","status":"publish","type":"page","link":"https:\/\/www.bpoexternaliza.com\/index.php\/o2-residencial-partners-16-1-2\/","title":{"rendered":"O2 Residencial Partners (16) 1.2"},"content":{"rendered":"<p>[et_pb_section fb_built=\u00bb1&#8243; fullwidth=\u00bbon\u00bb _builder_version=\u00bb4.16&#8243; max_height_tablet=\u00bb\u00bb max_height_phone=\u00bb\u00bb max_height_last_edited=\u00bbon|phone\u00bb custom_margin=\u00bb-5%||||false|false\u00bb custom_margin_tablet=\u00bb\u00bb custom_margin_phone=\u00bb-17%||||false|false\u00bb custom_margin_last_edited=\u00bbon|phone\u00bb locked=\u00bboff\u00bb global_colors_info=\u00bb{}\u00bb][\/et_pb_section][et_pb_section fb_built=\u00bb1&#8243; admin_label=\u00bbOur Services\u00bb _builder_version=\u00bb4.27.5&#8243; background_color=\u00bb#FFFFFF\u00bb background_enable_image=\u00bboff\u00bb custom_margin=\u00bb-79px|||||\u00bb custom_padding=\u00bb24px||63px|||\u00bb locked=\u00bboff\u00bb global_colors_info=\u00bb{}\u00bb][et_pb_row use_custom_gutter=\u00bbon\u00bb make_equal=\u00bbon\u00bb _builder_version=\u00bb4.27.4&#8243; width=\u00bb100%\u00bb max_width=\u00bb2560px\u00bb custom_margin=\u00bb-3px|155px|26px|auto||\u00bb custom_margin_tablet=\u00bb\u00bb custom_margin_phone=\u00bb|0px||0px|false|false\u00bb custom_margin_last_edited=\u00bbon|phone\u00bb custom_padding=\u00bb142px||4px|||\u00bb animation_style=\u00bbfade\u00bb scroll_blur=\u00bb0|40|60|100|0px|0px|100px\u00bb global_colors_info=\u00bb{}\u00bb][et_pb_column type=\u00bb4_4&#8243; _builder_version=\u00bb4.27.4&#8243; custom_padding=\u00bb|||\u00bb global_colors_info=\u00bb{}\u00bb custom_padding__hover=\u00bb|||\u00bb][et_pb_text module_id=\u00bbHacemos\u00bb _builder_version=\u00bb4.27.6&#8243; text_font=\u00bbQuicksand||||||||\u00bb text_text_color=\u00bbrgba(0,0,0,0.02)\u00bb text_font_size=\u00bb100px\u00bb text_line_height=\u00bb0.2em\u00bb header_font=\u00bbQuicksand||||||||\u00bb header_font_size=\u00bb40px\u00bb header_2_font=\u00bbQuicksand||||||||\u00bb header_2_text_align=\u00bbcenter\u00bb header_2_font_size=\u00bb48px\u00bb header_2_line_height=\u00bb1.4em\u00bb transform_scale=\u00bb200%|200%\u00bb text_orientation=\u00bbcenter\u00bb width=\u00bb100%\u00bb max_width=\u00bb100%\u00bb custom_margin=\u00bb||30px||false\u00bb custom_margin_tablet=\u00bb||0px|\u00bb custom_margin_phone=\u00bb|||20%|false|false\u00bb custom_margin_last_edited=\u00bbon|tablet\u00bb custom_padding=\u00bb0px|||||\u00bb animation_style=\u00bbfade\u00bb hover_enabled=\u00bb0&#8243; text_font_size_tablet=\u00bb80px\u00bb text_font_size_phone=\u00bb45px\u00bb text_font_size_last_edited=\u00bbon|desktop\u00bb header_2_font_size_tablet=\u00bb\u00bb header_2_font_size_phone=\u00bb32px\u00bb header_2_font_size_last_edited=\u00bbon|phone\u00bb global_colors_info=\u00bb{}\u00bb sticky_enabled=\u00bb0&#8243;]<\/p>\n<h1 class=\"text-4xl md:text-6xl font-bold text-white leading-tight\" style=\"text-align: center;\"><span style=\"color: #003366;\"><strong>O2 Partners | bpoExternaliza<\/strong><\/span><\/h1>\n<p>[\/et_pb_text][et_pb_text module_id=\u00bbHacemos\u00bb _builder_version=\u00bb4.27.6&#8243; text_font=\u00bbQuicksand||||||||\u00bb text_text_color=\u00bbrgba(0,0,0,0.02)\u00bb text_font_size=\u00bb100px\u00bb text_line_height=\u00bb0.2em\u00bb header_font=\u00bbQuicksand||||||||\u00bb header_2_font=\u00bbQuicksand||||||||\u00bb header_2_font_size=\u00bb28px\u00bb text_orientation=\u00bbcenter\u00bb min_height=\u00bb20px\u00bb custom_margin=\u00bb-27px||||false|false\u00bb custom_margin_tablet=\u00bb||0px|\u00bb custom_margin_phone=\u00bb1px|auto||20%|false|false\u00bb custom_margin_last_edited=\u00bbon|tablet\u00bb custom_padding=\u00bb26px||16px|||\u00bb animation_style=\u00bbfade\u00bb hover_enabled=\u00bb0&#8243; text_font_size_tablet=\u00bb80px\u00bb text_font_size_phone=\u00bb60px\u00bb text_font_size_last_edited=\u00bbon|desktop\u00bb header_2_font_size_tablet=\u00bb\u00bb header_2_font_size_phone=\u00bb25px\u00bb header_2_font_size_last_edited=\u00bbon|phone\u00bb global_colors_info=\u00bb{}\u00bb sticky_enabled=\u00bb0&#8243;]<\/p>\n<h2 style=\"text-align: center;\"><span style=\"color: #003366;\">Propuesta de valor<\/span><\/h2>\n<p>[\/et_pb_text][\/et_pb_column][\/et_pb_row][et_pb_row use_custom_gutter=\u00bbon\u00bb make_equal=\u00bbon\u00bb _builder_version=\u00bb4.27.4&#8243; background_enable_color=\u00bboff\u00bb background_enable_image=\u00bboff\u00bb background_size=\u00bbinitial\u00bb background_blend=\u00bbmultiply\u00bb transform_scale=\u00bb89%|89%\u00bb width=\u00bb74%\u00bb max_width=\u00bb1893px\u00bb module_alignment=\u00bbcenter\u00bb custom_margin=\u00bb|auto|28px|auto||\u00bb custom_padding=\u00bb2px|0px|2px|0px|true|true\u00bb animation_style=\u00bbfade\u00bb scroll_blur=\u00bb0|40|60|100|100px|0px|0px\u00bb custom_css_free_form=\u00bb\/* Estilo base *\/||.zoom-row {||  transition: transform 0.4s ease, box-shadow 0.3s ease;||  transform: scale(1);||}||||\/* Efecto al hacer hover *\/||.zoom-row:hover {||  transform: scale(1.05); \/* Aumenta o reduce el zoom aqu\u00ed *\/||  box-shadow: 0 10px 25px rgba(0,0,0,0.15);||  z-index: 10;||}||\u00bb global_colors_info=\u00bb{}\u00bb][et_pb_column type=\u00bb4_4&#8243; _builder_version=\u00bb4.27.4&#8243; global_colors_info=\u00bb{}\u00bb][et_pb_text module_id=\u00bbHacemos\u00bb _builder_version=\u00bb4.27.6&#8243; text_font=\u00bbQuicksand||||||||\u00bb text_text_color=\u00bbrgba(0,0,0,0.02)\u00bb text_font_size=\u00bb100px\u00bb text_line_height=\u00bb0.2em\u00bb header_font=\u00bbQuicksand||||||||\u00bb header_2_font=\u00bbQuicksand||||||||\u00bb header_2_font_size=\u00bb28px\u00bb text_orientation=\u00bbcenter\u00bb min_height=\u00bb20px\u00bb custom_margin=\u00bb-27px||||false|false\u00bb custom_margin_tablet=\u00bb||0px|\u00bb custom_margin_phone=\u00bb1px|auto||20%|false|false\u00bb custom_margin_last_edited=\u00bbon|tablet\u00bb custom_padding=\u00bb26px||16px|||\u00bb animation_style=\u00bbfade\u00bb hover_enabled=\u00bb0&#8243; text_font_size_tablet=\u00bb80px\u00bb text_font_size_phone=\u00bb60px\u00bb text_font_size_last_edited=\u00bbon|desktop\u00bb header_2_font_size_tablet=\u00bb\u00bb header_2_font_size_phone=\u00bb25px\u00bb header_2_font_size_last_edited=\u00bbon|phone\u00bb global_colors_info=\u00bb{}\u00bb sticky_enabled=\u00bb0&#8243;]<\/p>\n<h1 style=\"text-align: center;\"><strong><span style=\"color: #003366;\">Proporciona un servicio de calidad con tres pilares<\/span><\/strong><\/h1>\n<p>[\/et_pb_text][\/et_pb_column][\/et_pb_row][et_pb_row column_structure=\u00bb1_3,1_3,1_3&#8243; use_custom_gutter=\u00bbon\u00bb make_equal=\u00bbon\u00bb _builder_version=\u00bb4.27.6&#8243; background_enable_color=\u00bboff\u00bb background_enable_image=\u00bboff\u00bb background_size=\u00bbinitial\u00bb background_blend=\u00bbmultiply\u00bb transform_scale=\u00bb89%|89%\u00bb width=\u00bb74%\u00bb max_width=\u00bb1893px\u00bb module_alignment=\u00bbcenter\u00bb custom_margin=\u00bb|auto|69px|auto||\u00bb custom_padding=\u00bb2px|0px|2px|0px|true|true\u00bb animation_style=\u00bbfade\u00bb scroll_blur=\u00bb0|40|60|100|100px|0px|0px\u00bb hover_enabled=\u00bb0&#8243; custom_css_free_form=\u00bb\/* Estilo base *\/||.zoom-row {||  transition: transform 0.4s ease, box-shadow 0.3s ease;||  transform: scale(1);||}||||\/* Efecto al hacer hover *\/||.zoom-row:hover {||  transform: scale(1.05); \/* Aumenta o reduce el zoom aqu\u00ed *\/||  box-shadow: 0 10px 25px rgba(0,0,0,0.15);||  z-index: 10;||}||\u00bb global_colors_info=\u00bb{}\u00bb sticky_enabled=\u00bb0&#8243;][et_pb_column type=\u00bb1_3&#8243; _builder_version=\u00bb4.27.4&#8243; global_colors_info=\u00bb{}\u00bb][et_pb_toggle title=\u00bbAtenci\u00f3n al cliente\u00bb open_toggle_text_color=\u00bb#FFFFFF\u00bb closed_toggle_text_color=\u00bb#FFFFFF\u00bb icon_color=\u00bb#FFFFFF\u00bb toggle_icon=\u00bb&#xf0c0;||fa||900&#8243; use_icon_font_size=\u00bbon\u00bb icon_font_size=\u00bb50px\u00bb open_icon_color=\u00bb#FFFFFF\u00bb open_toggle_icon=\u00bb&#xf0c0;||fa||900&#8243; open_use_icon_font_size=\u00bbon\u00bb open_icon_font_size=\u00bb50px\u00bb module_class=\u00bbzoom-row\u00bb _builder_version=\u00bb4.27.6&#8243; _module_preset=\u00bbdefault\u00bb title_text_color=\u00bb#FFFFFF\u00bb title_level=\u00bbh2&#8243; title_font=\u00bb&#8211;et_global_body_font|700|||||||\u00bb title_text_align=\u00bbcenter\u00bb closed_title_font=\u00bb|700|||||||\u00bb closed_title_text_align=\u00bbcenter\u00bb body_text_align=\u00bbcenter\u00bb background_image=\u00bbhttps:\/\/www.bpoexternaliza.com\/wp-content\/uploads\/2026\/03\/BANNER-O2.jpg\u00bb text_orientation=\u00bbcenter\u00bb custom_padding=\u00bb51px|81px|51px|81px|true|true\u00bb box_shadow_style=\u00bbpreset1&#8243; box_shadow_blur=\u00bb5px\u00bb box_shadow_color=\u00bb#0C71C3&#8243; global_colors_info=\u00bb{}\u00bb]<\/p>\n<p><strong><span style=\"color: #ffffff;\">Trato excelente al cliente, a trav\u00e9s de nuestros canales de atenci\u00f3n: tel\u00e9fono gratuito 1551, WhatsApp, RR SS y mail.<\/span><\/strong><\/p>\n<p><strong><span style=\"color: #ffffff;\">Atendido por personas que est\u00e1n cerca de t\u00ed, en M\u00e1laga, Coru\u00f1a o Barcelona. No m\u00e1quinas, solamente personas con la capacidad de resoluci\u00f3n en una sola llamada, sin transferencia.<\/span><\/strong><\/p>\n<p><strong><span style=\"color: #ffffff;\">No molestaremos nunca al cliente, no le llamaremos para venderle nada, ni le mandaremos publicidad.<\/span><\/strong><\/p>\n<p>[\/et_pb_toggle][\/et_pb_column][et_pb_column type=\u00bb1_3&#8243; _builder_version=\u00bb4.27.4&#8243; global_colors_info=\u00bb{}\u00bb][et_pb_toggle title=\u00bbRed y cobertura\u00bb open_toggle_text_color=\u00bb#FFFFFF\u00bb closed_toggle_text_color=\u00bb#FFFFFF\u00bb icon_color=\u00bb#FFFFFF\u00bb toggle_icon=\u00bb&#xe0df;||divi||400&#8243; use_icon_font_size=\u00bbon\u00bb icon_font_size=\u00bb50px\u00bb open_icon_color=\u00bb#FFFFFF\u00bb open_toggle_icon=\u00bb&#xe0df;||divi||400&#8243; open_use_icon_font_size=\u00bbon\u00bb open_icon_font_size=\u00bb50px\u00bb module_class=\u00bbzoom-row\u00bb _builder_version=\u00bb4.27.6&#8243; _module_preset=\u00bbdefault\u00bb title_text_color=\u00bb#FFFFFF\u00bb title_level=\u00bbh2&#8243; title_font=\u00bb&#8211;et_global_body_font|700|||||||\u00bb title_text_align=\u00bbleft\u00bb closed_title_font=\u00bb|700|||||||\u00bb background_image=\u00bbhttps:\/\/www.bpoexternaliza.com\/wp-content\/uploads\/2026\/03\/BANNER-O2.jpg\u00bb text_orientation=\u00bbcenter\u00bb custom_padding=\u00bb51px|85px|51px|85px|true|true\u00bb box_shadow_style=\u00bbpreset1&#8243; box_shadow_blur=\u00bb5px\u00bb box_shadow_color=\u00bb#0C71C3&#8243; global_colors_info=\u00bb{}\u00bb]<\/p>\n<p><span style=\"color: #000000;\"><span style=\"color: #ffffff;\"><b>Contamos con la mayor red de fibra de Espa\u00f1a, la de Telef\u00f3nica.<\/b><\/span><\/span><\/p>\n<p><span style=\"color: #000000;\"><span style=\"color: #ffffff;\"><b>Igualmente con la cobertura m\u00f3vil de Telef\u00f3nica.<\/b><\/span><\/span><\/p>\n<p><span style=\"color: #000000;\"><span style=\"color: #ffffff;\"><b><\/b><\/span><\/span><\/p>\n<p><span style=\"color: #000000;\"><span style=\"color: #ffffff;\"><b>Instalaci\u00f3n y router gratuitos. Si ten\u00eda fibra Movistar no ir\u00e1 el instalador.<\/b><\/span><\/span><\/p>\n<p><span style=\"color: #000000;\"><span style=\"color: #ffffff;\"><b><\/b><\/span><\/span><\/p>\n<p><span style=\"color: #000000;\"><span style=\"color: #ffffff;\"><b>Cuota de l\u00ednea fija ya incluida en el precio.<\/b><\/span><\/span><\/p>\n<p>[\/et_pb_toggle][\/et_pb_column][et_pb_column type=\u00bb1_3&#8243; _builder_version=\u00bb4.27.4&#8243; global_colors_info=\u00bb{}\u00bb][et_pb_toggle title=\u00bbProducto sencillo\u00bb open_toggle_text_color=\u00bb#FFFFFF\u00bb closed_toggle_text_color=\u00bb#FFFFFF\u00bb icon_color=\u00bb#FFFFFF\u00bb toggle_icon=\u00bb&#xf164;||fa||900&#8243; use_icon_font_size=\u00bbon\u00bb icon_font_size=\u00bb50px\u00bb open_icon_color=\u00bb#FFFFFF\u00bb open_toggle_icon=\u00bb&#xf164;||fa||900&#8243; open_use_icon_font_size=\u00bbon\u00bb open_icon_font_size=\u00bb50px\u00bb module_class=\u00bbzoom-row\u00bb _builder_version=\u00bb4.27.6&#8243; _module_preset=\u00bbdefault\u00bb title_text_color=\u00bb#FFFFFF\u00bb title_level=\u00bbh2&#8243; title_font=\u00bb&#8211;et_global_body_font|700|||||||\u00bb title_text_align=\u00bbleft\u00bb closed_title_font=\u00bb|700|||||||\u00bb background_image=\u00bbhttps:\/\/www.bpoexternaliza.com\/wp-content\/uploads\/2026\/03\/BANNER-O2.jpg\u00bb text_orientation=\u00bbcenter\u00bb custom_margin=\u00bb||||false\u00bb custom_padding=\u00bb51px|85px|51px|85px|true|true\u00bb box_shadow_style=\u00bbpreset1&#8243; box_shadow_blur=\u00bb5px\u00bb box_shadow_color=\u00bb#0C71C3&#8243; global_colors_info=\u00bb{}\u00bb]<\/p>\n<p><span style=\"color: #ffffff;\"><b>Un set de tarifa reducido que incluye fibra, fijo y m\u00f3vil; con un precio final, sin configuraciones complicadas y sin sorpresas en la factura.<\/b><\/span><\/p>\n<p><span style=\"color: #ffffff;\"><b><\/b><\/span><\/p>\n<p><span style=\"color: #ffffff;\"><b>No tenemos promociones, todos los clientes son iguales. Si mejoramos una tarifa, siempre lo hacemos a los clientes primero.<\/b><\/span><\/p>\n<p><span style=\"color: #ffffff;\"><b><\/b><\/span><\/p>\n<p><span style=\"color: #ffffff;\"><b>Nuestros productos no tienen permanencia, ni cl\u00e1usulas de penalizaci\u00f3n.<\/b><\/span><\/p>\n<p>[\/et_pb_toggle][\/et_pb_column][\/et_pb_row][et_pb_row _builder_version=\u00bb4.27.4&#8243; _module_preset=\u00bbdefault\u00bb custom_margin=\u00bb-70px|auto||auto||\u00bb custom_padding=\u00bb71px|||||\u00bb global_colors_info=\u00bb{}\u00bb][et_pb_column type=\u00bb4_4&#8243; _builder_version=\u00bb4.27.4&#8243; _module_preset=\u00bbdefault\u00bb global_colors_info=\u00bb{}\u00bb][et_pb_button button_url=\u00bbhttps:\/\/www.bpoexternaliza.com\/index.php\/o2-residencial-partners-16-3-2\/\u00bb button_text=\u00bbVer simulaci\u00f3n a 3 meses\u00bb button_alignment=\u00bbcenter\u00bb module_class=\u00bbzoom-row\u00bb _builder_version=\u00bb4.27.6&#8243; _module_preset=\u00bbdefault\u00bb custom_button=\u00bbon\u00bb button_text_size=\u00bb30px\u00bb button_bg_color=\u00bb#052140&#8243; button_border_width=\u00bb0px\u00bb button_border_color=\u00bbRGBA(255,255,255,0)\u00bb button_border_radius=\u00bb37px\u00bb button_font=\u00bb&#8211;et_global_body_font|&#8211;et_global_body_font_weight|||||||\u00bb button_use_icon=\u00bboff\u00bb background_layout=\u00bbdark\u00bb custom_padding=\u00bb14px|39px|14px|39px|true|true\u00bb hover_enabled=\u00bb0&#8243; box_shadow_style=\u00bbpreset1&#8243; global_colors_info=\u00bb{}\u00bb animation_style=\u00bbfade\u00bb sticky_enabled=\u00bb0&#8243;][\/et_pb_button][\/et_pb_column][\/et_pb_row][et_pb_row _builder_version=\u00bb4.27.4&#8243; _module_preset=\u00bbdefault\u00bb custom_margin=\u00bb-8px|auto||auto|false|false\u00bb global_colors_info=\u00bb{}\u00bb][et_pb_column type=\u00bb4_4&#8243; _builder_version=\u00bb4.27.4&#8243; _module_preset=\u00bbdefault\u00bb global_colors_info=\u00bb{}\u00bb][et_pb_button button_url=\u00bbhttps:\/\/www.bpoexternaliza.com\/index.php\/o2-residencial-partners-16\/\u00bb button_text=\u00bbVolver\u00bb button_alignment=\u00bbcenter\u00bb module_class=\u00bbzoom-row\u00bb _builder_version=\u00bb4.27.6&#8243; _module_preset=\u00bbdefault\u00bb custom_button=\u00bbon\u00bb button_text_size=\u00bb16px\u00bb button_text_color=\u00bb#FFFFFF\u00bb button_bg_color=\u00bbrgba(1,55,68,0.54)\u00bb button_border_width=\u00bb0px\u00bb button_border_color=\u00bbRGBA(255,255,255,0)\u00bb button_border_radius=\u00bb23px\u00bb button_font=\u00bb&#8211;et_global_body_font|&#8211;et_global_body_font_weight|||||||\u00bb button_use_icon=\u00bboff\u00bb background_layout=\u00bbdark\u00bb custom_padding=\u00bb10px|23px|10px|23px|true|true\u00bb hover_enabled=\u00bb0&#8243; box_shadow_style=\u00bbpreset1&#8243; global_colors_info=\u00bb{}\u00bb sticky_enabled=\u00bb0&#8243;][\/et_pb_button][\/et_pb_column][\/et_pb_row][\/et_pb_section][et_pb_section fb_built=\u00bb1&#8243; admin_label=\u00bbSecci\u00f3n\u00bb _builder_version=\u00bb4.27.4&#8243; _module_preset=\u00bbdefault\u00bb background_color=\u00bbgcid-613882d4-eb84-4be9-83b7-25a7f10b2725&#8243; custom_padding=\u00bb||54px|||\u00bb global_colors_info=\u00bb{%22gcid-613882d4-eb84-4be9-83b7-25a7f10b2725%22:%91%22background_color%22%93}\u00bb][et_pb_row column_structure=\u00bb1_6,1_6,1_6,1_6,1_6,1_6&#8243; disabled_on=\u00bbon|on|off\u00bb _builder_version=\u00bb4.16&#8243; width=\u00bb100%\u00bb custom_margin=\u00bb1px|auto||auto||\u00bb custom_padding=\u00bb||0px|||\u00bb saved_tabs=\u00bball\u00bb global_colors_info=\u00bb{}\u00bb][et_pb_column type=\u00bb1_6&#8243; _builder_version=\u00bb4.16&#8243; global_colors_info=\u00bb{}\u00bb][\/et_pb_column][et_pb_column type=\u00bb1_6&#8243; _builder_version=\u00bb4.16&#8243; global_colors_info=\u00bb{}\u00bb][et_pb_text _builder_version=\u00bb4.16&#8243; text_font=\u00bbQuicksand||||||||\u00bb text_font_size=\u00bb12px\u00bb transform_scale_linked=\u00bboff\u00bb width=\u00bb100%\u00bb custom_margin=\u00bb0px|0px|0px|0px|false|false\u00bb custom_padding=\u00bb|0px||0px|false|false\u00bb link_option_url=\u00bbhttps:\/\/www.bpoexternaliza.com\/index.php\/politica-privacidad\u00bb global_colors_info=\u00bb{}\u00bb]<\/p>\n<p><strong><span style=\"color: #ffffff;\"><a href=\"https:\/\/www.bpoexternaliza.com\/index.php\/politica-de-privacidad\/\" style=\"color: #ffffff;\">Pol\u00edtica de Privacidad<\/a>\u00a0<\/span><\/strong><\/p>\n<p>[\/et_pb_text][\/et_pb_column][et_pb_column type=\u00bb1_6&#8243; _builder_version=\u00bb4.16&#8243; global_colors_info=\u00bb{}\u00bb][\/et_pb_column][et_pb_column type=\u00bb1_6&#8243; _builder_version=\u00bb4.16&#8243; global_colors_info=\u00bb{}\u00bb][et_pb_text _builder_version=\u00bb4.16&#8243; text_font=\u00bbQuicksand||||||||\u00bb text_font_size=\u00bb12px\u00bb transform_scale_linked=\u00bboff\u00bb width=\u00bb100%\u00bb custom_margin=\u00bb0px|0px|0px|0px|false|false\u00bb custom_padding=\u00bb|0px||0px|false|false\u00bb global_colors_info=\u00bb{}\u00bb]<\/p>\n<p><strong><span style=\"color: #ffffff;\"><a href=\"https:\/\/www.bpoexternaliza.com\/index.php\/politica-de-cookies\/\" style=\"color: #ffffff;\">Pol\u00edtica de Cookies<\/a>\u00a0<\/span><\/strong><\/p>\n<p>[\/et_pb_text][\/et_pb_column][et_pb_column type=\u00bb1_6&#8243; _builder_version=\u00bb4.16&#8243; global_colors_info=\u00bb{}\u00bb][\/et_pb_column][et_pb_column type=\u00bb1_6&#8243; _builder_version=\u00bb4.16&#8243; global_colors_info=\u00bb{}\u00bb][et_pb_text _builder_version=\u00bb4.16&#8243; text_font=\u00bbQuicksand||||||||\u00bb text_font_size=\u00bb13px\u00bb header_font=\u00bbQuicksand||||||||\u00bb width=\u00bb100%\u00bb global_colors_info=\u00bb{}\u00bb]<\/p>\n<p><span style=\"color: #ffffff;\"><a href=\"https:\/\/www.bpoexternaliza.com\/index.php\/aviso-legal\/\" style=\"color: #ffffff;\"><strong>Aviso Legal<\/strong><\/a><\/span><\/p>\n<p>[\/et_pb_text][\/et_pb_column][\/et_pb_row][\/et_pb_section]<\/p>\n","protected":false},"excerpt":{"rendered":"<p>O2 Partners | bpoExternalizaPropuesta de valorProporciona un servicio de calidad con tres pilaresTrato excelente al cliente, a trav\u00e9s de nuestros canales de atenci\u00f3n: tel\u00e9fono gratuito 1551, WhatsApp, RR SS y mail. Atendido por personas que est\u00e1n cerca de t\u00ed, en M\u00e1laga, Coru\u00f1a o Barcelona. No m\u00e1quinas, solamente personas con la capacidad de resoluci\u00f3n en una [&hellip;]<\/p>\n","protected":false},"author":4,"featured_media":0,"parent":0,"menu_order":0,"comment_status":"closed","ping_status":"closed","template":"","meta":{"_et_pb_use_builder":"on","_et_pb_old_content":"","_et_gb_content_width":"","footnotes":""},"class_list":["post-32752","page","type-page","status-publish","hentry"],"_links":{"self":[{"href":"https:\/\/www.bpoexternaliza.com\/index.php\/wp-json\/wp\/v2\/pages\/32752","targetHints":{"allow":["GET"]}}],"collection":[{"href":"https:\/\/www.bpoexternaliza.com\/index.php\/wp-json\/wp\/v2\/pages"}],"about":[{"href":"https:\/\/www.bpoexternaliza.com\/index.php\/wp-json\/wp\/v2\/types\/page"}],"author":[{"embeddable":true,"href":"https:\/\/www.bpoexternaliza.com\/index.php\/wp-json\/wp\/v2\/users\/4"}],"replies":[{"embeddable":true,"href":"https:\/\/www.bpoexternaliza.com\/index.php\/wp-json\/wp\/v2\/comments?post=32752"}],"version-history":[{"count":19,"href":"https:\/\/www.bpoexternaliza.com\/index.php\/wp-json\/wp\/v2\/pages\/32752\/revisions"}],"predecessor-version":[{"id":32878,"href":"https:\/\/www.bpoexternaliza.com\/index.php\/wp-json\/wp\/v2\/pages\/32752\/revisions\/32878"}],"wp:attachment":[{"href":"https:\/\/www.bpoexternaliza.com\/index.php\/wp-json\/wp\/v2\/media?parent=32752"}],"curies":[{"name":"wp","href":"https:\/\/api.w.org\/{rel}","templated":true}]}}