{"id":32962,"date":"2026-04-06T10:45:57","date_gmt":"2026-04-06T10:45:57","guid":{"rendered":"https:\/\/www.bpoexternaliza.com\/?page_id=32962"},"modified":"2026-04-06T10:46:18","modified_gmt":"2026-04-06T10:46:18","slug":"area01-16-marco-retributivo-b","status":"publish","type":"page","link":"https:\/\/www.bpoexternaliza.com\/index.php\/area01-16-marco-retributivo-b\/","title":{"rendered":"Area01 16 Marco Retributivo b"},"content":{"rendered":"<p>[et_pb_section fb_built=\u00bb1&#8243; admin_label=\u00bbOur Services\u00bb _builder_version=\u00bb4.27.4&#8243; custom_margin=\u00bb-37px||||false|false\u00bb custom_padding=\u00bb24px||0px|||\u00bb locked=\u00bboff\u00bb global_colors_info=\u00bb{}\u00bb][et_pb_row _builder_version=\u00bb4.27.6&#8243; max_width=\u00bb2560px\u00bb custom_margin=\u00bb57px|155px||auto||\u00bb custom_margin_tablet=\u00bb\u00bb custom_margin_phone=\u00bb|0px||0px|false|false\u00bb custom_margin_last_edited=\u00bbon|phone\u00bb custom_padding=\u00bb||53px|||\u00bb animation_style=\u00bbfade\u00bb scroll_blur_enable=\u00bbon\u00bb scroll_blur=\u00bb0|29|100|100|200px|0px|100px\u00bb hover_enabled=\u00bb0&#8243; global_colors_info=\u00bb{}\u00bb sticky_enabled=\u00bb0&#8243;][et_pb_column type=\u00bb4_4&#8243; _builder_version=\u00bb4.27.4&#8243; custom_padding=\u00bb|||\u00bb global_colors_info=\u00bb{}\u00bb custom_padding__hover=\u00bb|||\u00bb][et_pb_text module_id=\u00bbHacemos\u00bb _builder_version=\u00bb4.27.6&#8243; text_font=\u00bbQuicksand||||||||\u00bb text_text_color=\u00bbrgba(0,0,0,0.02)\u00bb text_font_size=\u00bb100px\u00bb text_line_height=\u00bb0.2em\u00bb header_font=\u00bbQuicksand||||||||\u00bb header_2_font=\u00bbQuicksand||||||||\u00bb header_2_text_align=\u00bbcenter\u00bb header_2_font_size=\u00bb48px\u00bb header_2_line_height=\u00bb1.4em\u00bb text_orientation=\u00bbcenter\u00bb min_height=\u00bb66.2px\u00bb custom_margin=\u00bb||30px||false\u00bb custom_margin_tablet=\u00bb||0px|\u00bb custom_margin_phone=\u00bb|||20%|false|false\u00bb custom_margin_last_edited=\u00bbon|tablet\u00bb text_font_size_tablet=\u00bb80px\u00bb text_font_size_phone=\u00bb45px\u00bb text_font_size_last_edited=\u00bbon|desktop\u00bb header_2_font_size_tablet=\u00bb\u00bb header_2_font_size_phone=\u00bb32px\u00bb header_2_font_size_last_edited=\u00bbon|phone\u00bb global_colors_info=\u00bb{}\u00bb]<\/p>\n<h2 class=\"text-4xl md:text-6xl font-bold text-white leading-tight\" style=\"text-align: center;\"><span style=\"color: #000000;\"><strong>Marco Retributivo Area01 | bpoExternaliza<\/strong><\/span><\/h2>\n<p>[\/et_pb_text][et_pb_text module_id=\u00bbHacemos\u00bb _builder_version=\u00bb4.27.6&#8243; text_font=\u00bbQuicksand||||||||\u00bb text_text_color=\u00bbrgba(0,0,0,0.02)\u00bb text_font_size=\u00bb100px\u00bb text_line_height=\u00bb0.2em\u00bb header_font=\u00bbQuicksand||||||||\u00bb header_2_font=\u00bbQuicksand||||||||\u00bb header_2_font_size=\u00bb28px\u00bb text_orientation=\u00bbcenter\u00bb custom_margin=\u00bb-27px||||false|false\u00bb custom_margin_tablet=\u00bb||0px|\u00bb custom_margin_phone=\u00bb1px|auto||20%|false|false\u00bb custom_margin_last_edited=\u00bbon|tablet\u00bb text_font_size_tablet=\u00bb80px\u00bb text_font_size_phone=\u00bb60px\u00bb text_font_size_last_edited=\u00bbon|desktop\u00bb header_2_font_size_tablet=\u00bb\u00bb header_2_font_size_phone=\u00bb25px\u00bb header_2_font_size_last_edited=\u00bbon|phone\u00bb global_colors_info=\u00bb{}\u00bb]<\/p>\n<h2 style=\"text-align: center;\"><span style=\"color: #000000;\">Integra tarjetas regalo Movistar+ y ampl\u00eda tu porfolio<\/span><\/h2>\n<p>[\/et_pb_text][\/et_pb_column][\/et_pb_row][et_pb_row use_custom_gutter=\u00bbon\u00bb make_equal=\u00bbon\u00bb _builder_version=\u00bb4.27.6&#8243; background_enable_color=\u00bboff\u00bb background_enable_image=\u00bboff\u00bb background_size=\u00bbinitial\u00bb background_blend=\u00bbmultiply\u00bb transform_scale=\u00bb89%|89%\u00bb width=\u00bb74%\u00bb max_width=\u00bb1893px\u00bb module_alignment=\u00bbcenter\u00bb custom_margin=\u00bb|auto|28px|auto||\u00bb custom_padding=\u00bb2px|0px|2px|0px|true|true\u00bb animation_style=\u00bbfade\u00bb scroll_blur=\u00bb0|40|60|100|100px|0px|0px\u00bb hover_enabled=\u00bb0&#8243; custom_css_free_form=\u00bb\/* Estilo base *\/||.zoom-row {||  transition: transform 0.4s ease, box-shadow 0.3s ease;||  transform: scale(1);||}||||\/* Efecto al hacer hover *\/||.zoom-row:hover {||  transform: scale(1.05); \/* Aumenta o reduce el zoom aqu\u00ed *\/||  box-shadow: 0 10px 25px rgba(0,0,0,0.15);||  z-index: 10;||}||\u00bb locked=\u00bboff\u00bb global_colors_info=\u00bb{}\u00bb sticky_enabled=\u00bb0&#8243;][et_pb_column type=\u00bb4_4&#8243; _builder_version=\u00bb4.27.4&#8243; global_colors_info=\u00bb{}\u00bb][et_pb_accordion toggle_icon=\u00bb&#xf07a;||fa||900&#8243; _builder_version=\u00bb4.27.6&#8243; _module_preset=\u00bbdefault\u00bb toggle_level=\u00bbh2&#8243; custom_margin=\u00bb24px|||||\u00bb hover_enabled=\u00bb0&#8243; global_colors_info=\u00bb{}\u00bb sticky_enabled=\u00bb0&#8243;][et_pb_accordion_item title=\u00bbRetribuciones\u00bb open=\u00bbon\u00bb open_toggle_text_color=\u00bb#000000&#8243; open_toggle_background_color=\u00bb#D6D6D6&#8243; closed_toggle_text_color=\u00bb#000000&#8243; closed_toggle_background_color=\u00bb#D6D6D6&#8243; icon_color=\u00bbRGBA(255,255,255,0)\u00bb _builder_version=\u00bb4.27.6&#8243; _module_preset=\u00bbdefault\u00bb body_font=\u00bb&#8211;et_global_body_font||||||||\u00bb body_text_color=\u00bb#FFFFFF\u00bb body_font_size=\u00bb25px\u00bb body_line_height=\u00bb1.6em\u00bb background_enable_color=\u00bboff\u00bb background_image=\u00bbhttps:\/\/www.bpoexternaliza.com\/wp-content\/uploads\/2026\/04\/Recurso-1.png\u00bb background_enable_image=\u00bbon\u00bb text_orientation=\u00bbcenter\u00bb custom_padding=\u00bb53px||53px||true|false\u00bb hover_enabled=\u00bb0&#8243; border_radii=\u00bbon|60px|60px|60px|60px\u00bb border_width_all=\u00bb4px\u00bb border_color_all=\u00bb#000000&#8243; border_style_all=\u00bbgroove\u00bb box_shadow_style=\u00bbpreset1&#8243; global_colors_info=\u00bb{}\u00bb toggle_text_color=\u00bb#000000&#8243; toggle_level=\u00bbh2&#8243; toggle_font=\u00bb&#8211;et_global_body_font|700|||||||\u00bb toggle_text_align=\u00bbcenter\u00bb toggle_font_size=\u00bb60px\u00bb closed_toggle_font=\u00bb&#8211;et_global_heading_font|700|||||||\u00bb closed_toggle_text_align=\u00bbcenter\u00bb closed_toggle_font_size=\u00bb60px\u00bb sticky_enabled=\u00bb0&#8243; title_text=\u00bbRecurso 1&#8243;]<\/p>\n<p style=\"text-align: center;\"><span style=\"color: #000000;\">Para las ventas de las Tarjetas Regalo incluidas en el Grupo de Compraventa, GCA emitir\u00e1 una factura, con periodicidad quincenal (cada d\u00eda 01 y 16 de cada mes), por el importe total de las operaciones netas antes de impuestos. La cantidad que resulta a pagar ser\u00e1 incrementada con el correspondiente impuesto indirecto que aplique. La operaci\u00f3n neta antes de impuestos se entiende como el Precio de Venta al P\u00fablico de cada Tarjeta Regalo sin incluir el impuesto indirecto aplicable.<\/span><\/p>\n<p>[\/et_pb_accordion_item][et_pb_accordion_item title=\u00bbCambios\u00bb open_toggle_text_color=\u00bb#000000&#8243; open_toggle_background_color=\u00bb#D6D6D6&#8243; closed_toggle_text_color=\u00bb#000000&#8243; closed_toggle_background_color=\u00bb#D6D6D6&#8243; icon_color=\u00bbRGBA(255,255,255,0)\u00bb _builder_version=\u00bb4.27.6&#8243; _module_preset=\u00bbdefault\u00bb body_font=\u00bb&#8211;et_global_body_font||||||||\u00bb body_text_color=\u00bb#FFFFFF\u00bb body_font_size=\u00bb25px\u00bb body_line_height=\u00bb1.6em\u00bb background_enable_color=\u00bboff\u00bb background_image=\u00bbhttps:\/\/www.bpoexternaliza.com\/wp-content\/uploads\/2026\/04\/Recurso-1.png\u00bb background_enable_image=\u00bbon\u00bb text_orientation=\u00bbcenter\u00bb custom_padding=\u00bb53px||53px||true|false\u00bb hover_enabled=\u00bb0&#8243; border_radii=\u00bbon|60px|60px|60px|60px\u00bb border_width_all=\u00bb4px\u00bb border_color_all=\u00bb#000000&#8243; border_style_all=\u00bbgroove\u00bb box_shadow_style=\u00bbpreset1&#8243; global_colors_info=\u00bb{}\u00bb toggle_text_color=\u00bb#000000&#8243; toggle_level=\u00bbh2&#8243; toggle_font=\u00bb&#8211;et_global_body_font|700|||||||\u00bb toggle_text_align=\u00bbcenter\u00bb toggle_font_size=\u00bb60px\u00bb closed_toggle_font=\u00bb&#8211;et_global_heading_font|700|||||||\u00bb closed_toggle_text_align=\u00bbcenter\u00bb closed_toggle_font_size=\u00bb60px\u00bb open=\u00bboff\u00bb sticky_enabled=\u00bb0&#8243; title_text=\u00bbRecurso 1&#8243;]<\/p>\n<p><span style=\"color: #000000;\">Las retribuciones est\u00e1n sujetas a cambio con un preaviso de 30 d\u00edas por escrito por parte de GCA.<\/span><br \/><span style=\"color: #000000;\">La tipolog\u00eda de Tarjetas Regalo podr\u00e1 ser ampliada o reducida en el futuro. GCA comunicar\u00e1 los cambios, as\u00ed como las nuevas condiciones econ\u00f3micas a bpoExternaliza con anterioridad a su lanzamiento y operativa. La mera operaci\u00f3n en el sistema para la tramitaci\u00f3n de un nuevo producto implicar\u00e1 que el suministro de dicho producto queda sometido a todas las cl\u00e1usulas de este contrato y a las condiciones que hayan sido comunicadas por GCA con relaci\u00f3n a dicho nuevo producto.<\/span><\/p>\n<p>[\/et_pb_accordion_item][\/et_pb_accordion][\/et_pb_column][\/et_pb_row][et_pb_row _builder_version=\u00bb4.27.6&#8243; width=\u00bb100%\u00bb max_width=\u00bb1341px\u00bb custom_margin=\u00bb|auto|-28px|auto||\u00bb custom_padding=\u00bb0px|0px|102px|0px||\u00bb hover_enabled=\u00bb0&#8243; global_colors_info=\u00bb{}\u00bb animation_style=\u00bbfade\u00bb sticky_enabled=\u00bb0&#8243;][et_pb_column type=\u00bb4_4&#8243; _builder_version=\u00bb4.27.4&#8243; background_enable_image=\u00bboff\u00bb custom_padding=\u00bb|129px||129px|false|true\u00bb global_colors_info=\u00bb{}\u00bb custom_padding__hover=\u00bb|||\u00bb][et_pb_gallery _builder_version=\u00bb4.27.6&#8243; _module_preset=\u00bbdefault\u00bb gallery_ids=\u00bb32442,32443&#8243; fullwidth=\u00bbon\u00bb module_class=\u00bbzoom-row\u00bb hover_enabled=\u00bb0&#8243; sticky_enabled=\u00bb0&#8243;][\/et_pb_gallery][\/et_pb_column][\/et_pb_row][\/et_pb_section][et_pb_section fb_built=\u00bb1&#8243; _builder_version=\u00bb4.27.4&#8243; _module_preset=\u00bbdefault\u00bb background_color=\u00bbgcid-613882d4-eb84-4be9-83b7-25a7f10b2725&#8243; min_height=\u00bb200px\u00bb custom_margin=\u00bb27px|||||\u00bb custom_padding=\u00bb55px||54px|||\u00bb global_colors_info=\u00bb{%22gcid-613882d4-eb84-4be9-83b7-25a7f10b2725%22:%91%22background_color%22%93}\u00bb][et_pb_row column_structure=\u00bb1_6,1_6,1_6,1_6,1_6,1_6&#8243; disabled_on=\u00bbon|on|off\u00bb _builder_version=\u00bb4.16&#8243; width=\u00bb100%\u00bb custom_margin=\u00bb1px|auto||auto||\u00bb custom_padding=\u00bb||0px|||\u00bb saved_tabs=\u00bball\u00bb global_colors_info=\u00bb{}\u00bb][et_pb_column type=\u00bb1_6&#8243; _builder_version=\u00bb4.16&#8243; global_colors_info=\u00bb{}\u00bb][\/et_pb_column][et_pb_column type=\u00bb1_6&#8243; _builder_version=\u00bb4.16&#8243; global_colors_info=\u00bb{}\u00bb][et_pb_text _builder_version=\u00bb4.16&#8243; text_font=\u00bbQuicksand||||||||\u00bb text_font_size=\u00bb12px\u00bb transform_scale_linked=\u00bboff\u00bb width=\u00bb100%\u00bb custom_margin=\u00bb0px|0px|0px|0px|false|false\u00bb custom_padding=\u00bb|0px||0px|false|false\u00bb link_option_url=\u00bbhttps:\/\/www.bpoexternaliza.com\/index.php\/politica-privacidad\u00bb global_colors_info=\u00bb{}\u00bb]<\/p>\n<p><strong><span style=\"color: #ffffff;\"><a href=\"https:\/\/www.bpoexternaliza.com\/index.php\/politica-de-privacidad\/\" style=\"color: #ffffff;\">Pol\u00edtica de Privacidad<\/a>\u00a0<\/span><\/strong><\/p>\n<p>[\/et_pb_text][\/et_pb_column][et_pb_column type=\u00bb1_6&#8243; _builder_version=\u00bb4.16&#8243; global_colors_info=\u00bb{}\u00bb][\/et_pb_column][et_pb_column type=\u00bb1_6&#8243; _builder_version=\u00bb4.16&#8243; global_colors_info=\u00bb{}\u00bb][et_pb_text _builder_version=\u00bb4.16&#8243; text_font=\u00bbQuicksand||||||||\u00bb text_font_size=\u00bb12px\u00bb transform_scale_linked=\u00bboff\u00bb width=\u00bb100%\u00bb custom_margin=\u00bb0px|0px|0px|0px|false|false\u00bb custom_padding=\u00bb|0px||0px|false|false\u00bb global_colors_info=\u00bb{}\u00bb]<\/p>\n<p><strong><span style=\"color: #ffffff;\"><a href=\"https:\/\/www.bpoexternaliza.com\/index.php\/politica-de-cookies\/\" style=\"color: #ffffff;\">Pol\u00edtica de Cookies<\/a>\u00a0<\/span><\/strong><\/p>\n<p>[\/et_pb_text][\/et_pb_column][et_pb_column type=\u00bb1_6&#8243; _builder_version=\u00bb4.16&#8243; global_colors_info=\u00bb{}\u00bb][\/et_pb_column][et_pb_column type=\u00bb1_6&#8243; _builder_version=\u00bb4.16&#8243; global_colors_info=\u00bb{}\u00bb][et_pb_text _builder_version=\u00bb4.16&#8243; text_font=\u00bbQuicksand||||||||\u00bb text_font_size=\u00bb13px\u00bb header_font=\u00bbQuicksand||||||||\u00bb width=\u00bb100%\u00bb global_colors_info=\u00bb{}\u00bb]<\/p>\n<p><span style=\"color: #ffffff;\"><a href=\"https:\/\/www.bpoexternaliza.com\/index.php\/aviso-legal\/\" style=\"color: #ffffff;\"><strong>Aviso Legal<\/strong><\/a><\/span><\/p>\n<p>[\/et_pb_text][\/et_pb_column][\/et_pb_row][\/et_pb_section]<\/p>\n","protected":false},"excerpt":{"rendered":"<p>Marco Retributivo Area01 | bpoExternalizaIntegra tarjetas regalo Movistar+ y ampl\u00eda tu porfolioPara las ventas de las Tarjetas Regalo incluidas en el Grupo de Compraventa, GCA emitir\u00e1 una factura, con periodicidad quincenal (cada d\u00eda 01 y 16 de cada mes), por el importe total de las operaciones netas antes de impuestos. La cantidad que resulta a [&hellip;]<\/p>\n","protected":false},"author":4,"featured_media":0,"parent":0,"menu_order":0,"comment_status":"closed","ping_status":"closed","template":"","meta":{"_et_pb_use_builder":"on","_et_pb_old_content":"","_et_gb_content_width":"","footnotes":""},"class_list":["post-32962","page","type-page","status-publish","hentry"],"_links":{"self":[{"href":"https:\/\/www.bpoexternaliza.com\/index.php\/wp-json\/wp\/v2\/pages\/32962","targetHints":{"allow":["GET"]}}],"collection":[{"href":"https:\/\/www.bpoexternaliza.com\/index.php\/wp-json\/wp\/v2\/pages"}],"about":[{"href":"https:\/\/www.bpoexternaliza.com\/index.php\/wp-json\/wp\/v2\/types\/page"}],"author":[{"embeddable":true,"href":"https:\/\/www.bpoexternaliza.com\/index.php\/wp-json\/wp\/v2\/users\/4"}],"replies":[{"embeddable":true,"href":"https:\/\/www.bpoexternaliza.com\/index.php\/wp-json\/wp\/v2\/comments?post=32962"}],"version-history":[{"count":4,"href":"https:\/\/www.bpoexternaliza.com\/index.php\/wp-json\/wp\/v2\/pages\/32962\/revisions"}],"predecessor-version":[{"id":32970,"href":"https:\/\/www.bpoexternaliza.com\/index.php\/wp-json\/wp\/v2\/pages\/32962\/revisions\/32970"}],"wp:attachment":[{"href":"https:\/\/www.bpoexternaliza.com\/index.php\/wp-json\/wp\/v2\/media?parent=32962"}],"curies":[{"name":"wp","href":"https:\/\/api.w.org\/{rel}","templated":true}]}}